{"id":47756,"date":"2021-04-01T16:03:15","date_gmt":"2021-04-01T16:03:15","guid":{"rendered":"https:\/\/liveu.onpressidium.com\/products\/uncategorized\/roaming"},"modified":"2025-03-25T12:49:31","modified_gmt":"2025-03-25T12:49:31","slug":"roaming","status":"publish","type":"product","link":"https:\/\/www.liveu.tv\/de\/products\/connect\/roaming","title":{"rendered":"Roaming"},"parent":0,"menu_order":0,"template":"","post_tag":[],"product_category":[1106],"product_type":[1109],"class_list":["post-47756","product","type-product","status-publish","hentry","product_category-connect","product_type-connectivity"],"acf":[],"yoast_head":"<!-- This site is optimized with the Yoast SEO Premium plugin v27.3 (Yoast SEO v27.3) - https:\/\/yoast.com\/product\/yoast-seo-premium-wordpress\/ -->\n<title>Roaming - Hassle-free live broadcasts from anywhere in the world<\/title>\n<meta name=\"description\" content=\"Solutions that provide you with the most reliable roaming experience, offering powerful hybrid roaming options for local and global operation\" \/>\n<meta name=\"robots\" content=\"index, follow, max-snippet:-1, max-image-preview:large, max-video-preview:-1\" \/>\n<link rel=\"canonical\" href=\"https:\/\/www.liveu.tv\/de\/products\/connect\/roaming\" \/>\n<meta property=\"og:locale\" content=\"de_DE\" \/>\n<meta property=\"og:type\" content=\"article\" \/>\n<meta property=\"og:title\" content=\"Roaming\" \/>\n<meta property=\"og:description\" content=\"St\u00f6rungsfreie Live-\u00dcbertragungen von \u00fcberall auf der Welt\" \/>\n<meta property=\"og:url\" content=\"https:\/\/www.liveu.tv\/de\/products\/connect\/roaming\" \/>\n<meta property=\"og:site_name\" content=\"LiveU\" \/>\n<meta property=\"article:publisher\" content=\"https:\/\/www.facebook.com\/LiveU.Fans\" \/>\n<meta property=\"article:modified_time\" content=\"2025-03-25T12:49:31+00:00\" \/>\n<meta property=\"og:image\" content=\"https:\/\/www.liveu.tv\/wp-content\/uploads\/2021\/04\/Roaming-2-1024x538.png\" \/>\n\t<meta property=\"og:image:width\" content=\"1024\" \/>\n\t<meta property=\"og:image:height\" content=\"538\" \/>\n\t<meta property=\"og:image:type\" content=\"image\/png\" \/>\n<meta name=\"twitter:card\" content=\"summary_large_image\" \/>\n<meta name=\"twitter:title\" content=\"Roaming\" \/>\n<meta name=\"twitter:description\" content=\"St\u00f6rungsfreie Live-\u00dcbertragungen von \u00fcberall auf der Welt\" \/>\n<meta name=\"twitter:image\" content=\"https:\/\/www.liveu.tv\/wp-content\/uploads\/2021\/04\/Roaming-2.png\" \/>\n<meta name=\"twitter:site\" content=\"@LiveU\" \/>\n<script type=\"application\/ld+json\" class=\"yoast-schema-graph\">{\"@context\":\"https:\\\/\\\/schema.org\",\"@graph\":[{\"@type\":\"WebPage\",\"@id\":\"https:\\\/\\\/www.liveu.tv\\\/de\\\/products\\\/connect\\\/roaming\",\"url\":\"https:\\\/\\\/www.liveu.tv\\\/de\\\/products\\\/connect\\\/roaming\",\"name\":\"Roaming - Hassle-free live broadcasts from anywhere in the world\",\"isPartOf\":{\"@id\":\"https:\\\/\\\/www.liveu.tv\\\/de#website\"},\"datePublished\":\"2021-04-01T16:03:15+00:00\",\"dateModified\":\"2025-03-25T12:49:31+00:00\",\"description\":\"Solutions that provide you with the most reliable roaming experience, offering powerful hybrid roaming options for local and global operation\",\"breadcrumb\":{\"@id\":\"https:\\\/\\\/www.liveu.tv\\\/de\\\/products\\\/connect\\\/roaming#breadcrumb\"},\"inLanguage\":\"de\",\"potentialAction\":[{\"@type\":\"ReadAction\",\"target\":[\"https:\\\/\\\/www.liveu.tv\\\/de\\\/products\\\/connect\\\/roaming\"]}]},{\"@type\":\"BreadcrumbList\",\"@id\":\"https:\\\/\\\/www.liveu.tv\\\/de\\\/products\\\/connect\\\/roaming#breadcrumb\",\"itemListElement\":[{\"@type\":\"ListItem\",\"position\":1,\"name\":\"LiveU\",\"item\":\"https:\\\/\\\/www.liveu.tv\\\/de\"},{\"@type\":\"ListItem\",\"position\":2,\"name\":\"Produkte\",\"item\":\"https:\\\/\\\/www.liveu.tv\\\/de\\\/products\"},{\"@type\":\"ListItem\",\"position\":3,\"name\":\"Verbinden\",\"item\":\"https:\\\/\\\/www.liveu.tv\\\/de\\\/products\\\/connect\"},{\"@type\":\"ListItem\",\"position\":4,\"name\":\"Roaming\"}]},{\"@type\":\"WebSite\",\"@id\":\"https:\\\/\\\/www.liveu.tv\\\/de#website\",\"url\":\"https:\\\/\\\/www.liveu.tv\\\/de\",\"name\":\"LiveU\",\"description\":\"LiveU&#039;s Corporate Website\",\"publisher\":{\"@id\":\"https:\\\/\\\/www.liveu.tv\\\/de#organization\"},\"potentialAction\":[{\"@type\":\"SearchAction\",\"target\":{\"@type\":\"EntryPoint\",\"urlTemplate\":\"https:\\\/\\\/www.liveu.tv\\\/de?s={search_term_string}\"},\"query-input\":{\"@type\":\"PropertyValueSpecification\",\"valueRequired\":true,\"valueName\":\"search_term_string\"}}],\"inLanguage\":\"de\"},{\"@type\":\"Organization\",\"@id\":\"https:\\\/\\\/www.liveu.tv\\\/de#organization\",\"name\":\"LIVEU\",\"url\":\"https:\\\/\\\/www.liveu.tv\\\/de\",\"logo\":{\"@type\":\"ImageObject\",\"inLanguage\":\"de\",\"@id\":\"https:\\\/\\\/www.liveu.tv\\\/de#\\\/schema\\\/logo\\\/image\\\/\",\"url\":\"https:\\\/\\\/www.liveu.tv\\\/wp-content\\\/uploads\\\/2021\\\/06\\\/LiveU_Logo_On_Whtite.png\",\"contentUrl\":\"https:\\\/\\\/www.liveu.tv\\\/wp-content\\\/uploads\\\/2021\\\/06\\\/LiveU_Logo_On_Whtite.png\",\"width\":924,\"height\":313,\"caption\":\"LIVEU\"},\"image\":{\"@id\":\"https:\\\/\\\/www.liveu.tv\\\/de#\\\/schema\\\/logo\\\/image\\\/\"},\"sameAs\":[\"https:\\\/\\\/www.facebook.com\\\/LiveU.Fans\",\"https:\\\/\\\/x.com\\\/LiveU\",\"https:\\\/\\\/www.instagram.com\\\/liveutv\\\/\",\"https:\\\/\\\/www.linkedin.com\\\/company\\\/liveu\",\"https:\\\/\\\/www.youtube.com\\\/user\\\/liveUtv\"]}]}<\/script>\n<!-- \/ Yoast SEO Premium plugin. -->","yoast_head_json":{"title":"Roaming - Hassle-free live broadcasts from anywhere in the world","description":"Solutions that provide you with the most reliable roaming experience, offering powerful hybrid roaming options for local and global operation","robots":{"index":"index","follow":"follow","max-snippet":"max-snippet:-1","max-image-preview":"max-image-preview:large","max-video-preview":"max-video-preview:-1"},"canonical":"https:\/\/www.liveu.tv\/de\/products\/connect\/roaming","og_locale":"de_DE","og_type":"article","og_title":"Roaming","og_description":"St\u00f6rungsfreie Live-\u00dcbertragungen von \u00fcberall auf der Welt","og_url":"https:\/\/www.liveu.tv\/de\/products\/connect\/roaming","og_site_name":"LiveU","article_publisher":"https:\/\/www.facebook.com\/LiveU.Fans","article_modified_time":"2025-03-25T12:49:31+00:00","og_image":[{"width":1024,"height":538,"url":"https:\/\/www.liveu.tv\/wp-content\/uploads\/2021\/04\/Roaming-2-1024x538.png","type":"image\/png"}],"twitter_card":"summary_large_image","twitter_title":"Roaming","twitter_description":"St\u00f6rungsfreie Live-\u00dcbertragungen von \u00fcberall auf der Welt","twitter_image":"https:\/\/www.liveu.tv\/wp-content\/uploads\/2021\/04\/Roaming-2.png","twitter_site":"@LiveU","schema":{"@context":"https:\/\/schema.org","@graph":[{"@type":"WebPage","@id":"https:\/\/www.liveu.tv\/de\/products\/connect\/roaming","url":"https:\/\/www.liveu.tv\/de\/products\/connect\/roaming","name":"Roaming - Hassle-free live broadcasts from anywhere in the world","isPartOf":{"@id":"https:\/\/www.liveu.tv\/de#website"},"datePublished":"2021-04-01T16:03:15+00:00","dateModified":"2025-03-25T12:49:31+00:00","description":"Solutions that provide you with the most reliable roaming experience, offering powerful hybrid roaming options for local and global operation","breadcrumb":{"@id":"https:\/\/www.liveu.tv\/de\/products\/connect\/roaming#breadcrumb"},"inLanguage":"de","potentialAction":[{"@type":"ReadAction","target":["https:\/\/www.liveu.tv\/de\/products\/connect\/roaming"]}]},{"@type":"BreadcrumbList","@id":"https:\/\/www.liveu.tv\/de\/products\/connect\/roaming#breadcrumb","itemListElement":[{"@type":"ListItem","position":1,"name":"LiveU","item":"https:\/\/www.liveu.tv\/de"},{"@type":"ListItem","position":2,"name":"Produkte","item":"https:\/\/www.liveu.tv\/de\/products"},{"@type":"ListItem","position":3,"name":"Verbinden","item":"https:\/\/www.liveu.tv\/de\/products\/connect"},{"@type":"ListItem","position":4,"name":"Roaming"}]},{"@type":"WebSite","@id":"https:\/\/www.liveu.tv\/de#website","url":"https:\/\/www.liveu.tv\/de","name":"LiveU","description":"LiveU&#039;s Corporate Website","publisher":{"@id":"https:\/\/www.liveu.tv\/de#organization"},"potentialAction":[{"@type":"SearchAction","target":{"@type":"EntryPoint","urlTemplate":"https:\/\/www.liveu.tv\/de?s={search_term_string}"},"query-input":{"@type":"PropertyValueSpecification","valueRequired":true,"valueName":"search_term_string"}}],"inLanguage":"de"},{"@type":"Organization","@id":"https:\/\/www.liveu.tv\/de#organization","name":"LIVEU","url":"https:\/\/www.liveu.tv\/de","logo":{"@type":"ImageObject","inLanguage":"de","@id":"https:\/\/www.liveu.tv\/de#\/schema\/logo\/image\/","url":"https:\/\/www.liveu.tv\/wp-content\/uploads\/2021\/06\/LiveU_Logo_On_Whtite.png","contentUrl":"https:\/\/www.liveu.tv\/wp-content\/uploads\/2021\/06\/LiveU_Logo_On_Whtite.png","width":924,"height":313,"caption":"LIVEU"},"image":{"@id":"https:\/\/www.liveu.tv\/de#\/schema\/logo\/image\/"},"sameAs":["https:\/\/www.facebook.com\/LiveU.Fans","https:\/\/x.com\/LiveU","https:\/\/www.instagram.com\/liveutv\/","https:\/\/www.linkedin.com\/company\/liveu","https:\/\/www.youtube.com\/user\/liveUtv"]}]}},"_links":{"self":[{"href":"https:\/\/www.liveu.tv\/de\/wp-json\/wp\/v2\/product\/47756","targetHints":{"allow":["GET"]}}],"collection":[{"href":"https:\/\/www.liveu.tv\/de\/wp-json\/wp\/v2\/product"}],"about":[{"href":"https:\/\/www.liveu.tv\/de\/wp-json\/wp\/v2\/types\/product"}],"version-history":[{"count":5,"href":"https:\/\/www.liveu.tv\/de\/wp-json\/wp\/v2\/product\/47756\/revisions"}],"predecessor-version":[{"id":386440,"href":"https:\/\/www.liveu.tv\/de\/wp-json\/wp\/v2\/product\/47756\/revisions\/386440"}],"wp:attachment":[{"href":"https:\/\/www.liveu.tv\/de\/wp-json\/wp\/v2\/media?parent=47756"}],"wp:term":[{"taxonomy":"post_tag","embeddable":true,"href":"https:\/\/www.liveu.tv\/de\/wp-json\/wp\/v2\/post_tag?post=47756"},{"taxonomy":"product_category","embeddable":true,"href":"https:\/\/www.liveu.tv\/de\/wp-json\/wp\/v2\/product_category?post=47756"},{"taxonomy":"product_type","embeddable":true,"href":"https:\/\/www.liveu.tv\/de\/wp-json\/wp\/v2\/product_type?post=47756"}],"curies":[{"name":"wp","href":"https:\/\/api.w.org\/{rel}","templated":true}]}}