{"id":47802,"date":"2021-07-01T14:52:40","date_gmt":"2021-07-01T14:52:40","guid":{"rendered":"https:\/\/liveu.onpressidium.com\/products\/uncategorized\/lu-smart"},"modified":"2025-04-22T07:13:14","modified_gmt":"2025-04-22T07:13:14","slug":"lu-smart","status":"publish","type":"product","link":"https:\/\/www.liveu.tv\/de\/products\/create\/lu-smart","title":{"rendered":"LU-Smart"},"parent":0,"menu_order":0,"template":"","post_tag":[],"product_category":[1011],"product_type":[1136],"class_list":["post-47802","product","type-product","status-publish","hentry","product_category-create","product_type-enconder-app"],"acf":[],"yoast_head":"<!-- This site is optimized with the Yoast SEO Premium plugin v27.3 (Yoast SEO v27.3) - https:\/\/yoast.com\/product\/yoast-seo-premium-wordpress\/ -->\n<title>LU-Smart - High-quality bonded transmission for smartphones<\/title>\n<meta name=\"description\" content=\"Check out LiveU\u2019s mobile app for video professionals that offers the very latest in bonded transmission technology for smartphones\" \/>\n<meta name=\"robots\" content=\"index, follow, max-snippet:-1, max-image-preview:large, max-video-preview:-1\" \/>\n<link rel=\"canonical\" href=\"https:\/\/www.liveu.tv\/de\/products\/create\/lu-smart\" \/>\n<meta property=\"og:locale\" content=\"de_DE\" \/>\n<meta property=\"og:type\" content=\"article\" \/>\n<meta property=\"og:title\" content=\"LU-Smart\" \/>\n<meta property=\"og:description\" content=\"Geb\u00fcndelte \u00dcbertragung in hoher Qualit\u00e4t f\u00fcr Smartphones\" \/>\n<meta property=\"og:url\" content=\"https:\/\/www.liveu.tv\/de\/products\/create\/lu-smart\" \/>\n<meta property=\"og:site_name\" content=\"LiveU\" \/>\n<meta property=\"article:publisher\" content=\"https:\/\/www.facebook.com\/LiveU.Fans\" \/>\n<meta property=\"article:modified_time\" content=\"2025-04-22T07:13:14+00:00\" \/>\n<meta property=\"og:image\" content=\"https:\/\/www.liveu.tv\/wp-content\/uploads\/2021\/07\/LUSmart-1.png\" \/>\n\t<meta property=\"og:image:width\" content=\"2400\" \/>\n\t<meta property=\"og:image:height\" content=\"1260\" \/>\n\t<meta property=\"og:image:type\" content=\"image\/png\" \/>\n<meta name=\"twitter:card\" content=\"summary_large_image\" \/>\n<meta name=\"twitter:title\" content=\"LU-Smart\" \/>\n<meta name=\"twitter:description\" content=\"Geb\u00fcndelte \u00dcbertragung in hoher Qualit\u00e4t f\u00fcr Smartphones\" \/>\n<meta name=\"twitter:image\" content=\"https:\/\/www.liveu.tv\/wp-content\/uploads\/2021\/07\/LUSmart-1.png\" \/>\n<meta name=\"twitter:site\" content=\"@LiveU\" \/>\n<script type=\"application\/ld+json\" class=\"yoast-schema-graph\">{\"@context\":\"https:\\\/\\\/schema.org\",\"@graph\":[{\"@type\":\"WebPage\",\"@id\":\"https:\\\/\\\/www.liveu.tv\\\/de\\\/products\\\/create\\\/lu-smart\",\"url\":\"https:\\\/\\\/www.liveu.tv\\\/de\\\/products\\\/create\\\/lu-smart\",\"name\":\"LU-Smart - High-quality bonded transmission for smartphones\",\"isPartOf\":{\"@id\":\"https:\\\/\\\/www.liveu.tv\\\/de#website\"},\"datePublished\":\"2021-07-01T14:52:40+00:00\",\"dateModified\":\"2025-04-22T07:13:14+00:00\",\"description\":\"Check out LiveU\u2019s mobile app for video professionals that offers the very latest in bonded transmission technology for smartphones\",\"breadcrumb\":{\"@id\":\"https:\\\/\\\/www.liveu.tv\\\/de\\\/products\\\/create\\\/lu-smart#breadcrumb\"},\"inLanguage\":\"de\",\"potentialAction\":[{\"@type\":\"ReadAction\",\"target\":[\"https:\\\/\\\/www.liveu.tv\\\/de\\\/products\\\/create\\\/lu-smart\"]}]},{\"@type\":\"BreadcrumbList\",\"@id\":\"https:\\\/\\\/www.liveu.tv\\\/de\\\/products\\\/create\\\/lu-smart#breadcrumb\",\"itemListElement\":[{\"@type\":\"ListItem\",\"position\":1,\"name\":\"LiveU\",\"item\":\"https:\\\/\\\/www.liveu.tv\\\/de\"},{\"@type\":\"ListItem\",\"position\":2,\"name\":\"Produkte\",\"item\":\"https:\\\/\\\/www.liveu.tv\\\/de\\\/products\"},{\"@type\":\"ListItem\",\"position\":3,\"name\":\"\u00dcbertragen\",\"item\":\"https:\\\/\\\/www.liveu.tv\\\/de\\\/products\\\/create\"},{\"@type\":\"ListItem\",\"position\":4,\"name\":\"LU-Smart\"}]},{\"@type\":\"WebSite\",\"@id\":\"https:\\\/\\\/www.liveu.tv\\\/de#website\",\"url\":\"https:\\\/\\\/www.liveu.tv\\\/de\",\"name\":\"LiveU\",\"description\":\"LiveU&#039;s Corporate Website\",\"publisher\":{\"@id\":\"https:\\\/\\\/www.liveu.tv\\\/de#organization\"},\"potentialAction\":[{\"@type\":\"SearchAction\",\"target\":{\"@type\":\"EntryPoint\",\"urlTemplate\":\"https:\\\/\\\/www.liveu.tv\\\/de?s={search_term_string}\"},\"query-input\":{\"@type\":\"PropertyValueSpecification\",\"valueRequired\":true,\"valueName\":\"search_term_string\"}}],\"inLanguage\":\"de\"},{\"@type\":\"Organization\",\"@id\":\"https:\\\/\\\/www.liveu.tv\\\/de#organization\",\"name\":\"LIVEU\",\"url\":\"https:\\\/\\\/www.liveu.tv\\\/de\",\"logo\":{\"@type\":\"ImageObject\",\"inLanguage\":\"de\",\"@id\":\"https:\\\/\\\/www.liveu.tv\\\/de#\\\/schema\\\/logo\\\/image\\\/\",\"url\":\"https:\\\/\\\/www.liveu.tv\\\/wp-content\\\/uploads\\\/2021\\\/06\\\/LiveU_Logo_On_Whtite.png\",\"contentUrl\":\"https:\\\/\\\/www.liveu.tv\\\/wp-content\\\/uploads\\\/2021\\\/06\\\/LiveU_Logo_On_Whtite.png\",\"width\":924,\"height\":313,\"caption\":\"LIVEU\"},\"image\":{\"@id\":\"https:\\\/\\\/www.liveu.tv\\\/de#\\\/schema\\\/logo\\\/image\\\/\"},\"sameAs\":[\"https:\\\/\\\/www.facebook.com\\\/LiveU.Fans\",\"https:\\\/\\\/x.com\\\/LiveU\",\"https:\\\/\\\/www.instagram.com\\\/liveutv\\\/\",\"https:\\\/\\\/www.linkedin.com\\\/company\\\/liveu\",\"https:\\\/\\\/www.youtube.com\\\/user\\\/liveUtv\"]}]}<\/script>\n<!-- \/ Yoast SEO Premium plugin. -->","yoast_head_json":{"title":"LU-Smart - High-quality bonded transmission for smartphones","description":"Check out LiveU\u2019s mobile app for video professionals that offers the very latest in bonded transmission technology for smartphones","robots":{"index":"index","follow":"follow","max-snippet":"max-snippet:-1","max-image-preview":"max-image-preview:large","max-video-preview":"max-video-preview:-1"},"canonical":"https:\/\/www.liveu.tv\/de\/products\/create\/lu-smart","og_locale":"de_DE","og_type":"article","og_title":"LU-Smart","og_description":"Geb\u00fcndelte \u00dcbertragung in hoher Qualit\u00e4t f\u00fcr Smartphones","og_url":"https:\/\/www.liveu.tv\/de\/products\/create\/lu-smart","og_site_name":"LiveU","article_publisher":"https:\/\/www.facebook.com\/LiveU.Fans","article_modified_time":"2025-04-22T07:13:14+00:00","og_image":[{"width":2400,"height":1260,"url":"https:\/\/www.liveu.tv\/wp-content\/uploads\/2021\/07\/LUSmart-1.png","type":"image\/png"}],"twitter_card":"summary_large_image","twitter_title":"LU-Smart","twitter_description":"Geb\u00fcndelte \u00dcbertragung in hoher Qualit\u00e4t f\u00fcr Smartphones","twitter_image":"https:\/\/www.liveu.tv\/wp-content\/uploads\/2021\/07\/LUSmart-1.png","twitter_site":"@LiveU","schema":{"@context":"https:\/\/schema.org","@graph":[{"@type":"WebPage","@id":"https:\/\/www.liveu.tv\/de\/products\/create\/lu-smart","url":"https:\/\/www.liveu.tv\/de\/products\/create\/lu-smart","name":"LU-Smart - High-quality bonded transmission for smartphones","isPartOf":{"@id":"https:\/\/www.liveu.tv\/de#website"},"datePublished":"2021-07-01T14:52:40+00:00","dateModified":"2025-04-22T07:13:14+00:00","description":"Check out LiveU\u2019s mobile app for video professionals that offers the very latest in bonded transmission technology for smartphones","breadcrumb":{"@id":"https:\/\/www.liveu.tv\/de\/products\/create\/lu-smart#breadcrumb"},"inLanguage":"de","potentialAction":[{"@type":"ReadAction","target":["https:\/\/www.liveu.tv\/de\/products\/create\/lu-smart"]}]},{"@type":"BreadcrumbList","@id":"https:\/\/www.liveu.tv\/de\/products\/create\/lu-smart#breadcrumb","itemListElement":[{"@type":"ListItem","position":1,"name":"LiveU","item":"https:\/\/www.liveu.tv\/de"},{"@type":"ListItem","position":2,"name":"Produkte","item":"https:\/\/www.liveu.tv\/de\/products"},{"@type":"ListItem","position":3,"name":"\u00dcbertragen","item":"https:\/\/www.liveu.tv\/de\/products\/create"},{"@type":"ListItem","position":4,"name":"LU-Smart"}]},{"@type":"WebSite","@id":"https:\/\/www.liveu.tv\/de#website","url":"https:\/\/www.liveu.tv\/de","name":"LiveU","description":"LiveU&#039;s Corporate Website","publisher":{"@id":"https:\/\/www.liveu.tv\/de#organization"},"potentialAction":[{"@type":"SearchAction","target":{"@type":"EntryPoint","urlTemplate":"https:\/\/www.liveu.tv\/de?s={search_term_string}"},"query-input":{"@type":"PropertyValueSpecification","valueRequired":true,"valueName":"search_term_string"}}],"inLanguage":"de"},{"@type":"Organization","@id":"https:\/\/www.liveu.tv\/de#organization","name":"LIVEU","url":"https:\/\/www.liveu.tv\/de","logo":{"@type":"ImageObject","inLanguage":"de","@id":"https:\/\/www.liveu.tv\/de#\/schema\/logo\/image\/","url":"https:\/\/www.liveu.tv\/wp-content\/uploads\/2021\/06\/LiveU_Logo_On_Whtite.png","contentUrl":"https:\/\/www.liveu.tv\/wp-content\/uploads\/2021\/06\/LiveU_Logo_On_Whtite.png","width":924,"height":313,"caption":"LIVEU"},"image":{"@id":"https:\/\/www.liveu.tv\/de#\/schema\/logo\/image\/"},"sameAs":["https:\/\/www.facebook.com\/LiveU.Fans","https:\/\/x.com\/LiveU","https:\/\/www.instagram.com\/liveutv\/","https:\/\/www.linkedin.com\/company\/liveu","https:\/\/www.youtube.com\/user\/liveUtv"]}]}},"_links":{"self":[{"href":"https:\/\/www.liveu.tv\/de\/wp-json\/wp\/v2\/product\/47802","targetHints":{"allow":["GET"]}}],"collection":[{"href":"https:\/\/www.liveu.tv\/de\/wp-json\/wp\/v2\/product"}],"about":[{"href":"https:\/\/www.liveu.tv\/de\/wp-json\/wp\/v2\/types\/product"}],"version-history":[{"count":5,"href":"https:\/\/www.liveu.tv\/de\/wp-json\/wp\/v2\/product\/47802\/revisions"}],"predecessor-version":[{"id":390214,"href":"https:\/\/www.liveu.tv\/de\/wp-json\/wp\/v2\/product\/47802\/revisions\/390214"}],"wp:attachment":[{"href":"https:\/\/www.liveu.tv\/de\/wp-json\/wp\/v2\/media?parent=47802"}],"wp:term":[{"taxonomy":"post_tag","embeddable":true,"href":"https:\/\/www.liveu.tv\/de\/wp-json\/wp\/v2\/post_tag?post=47802"},{"taxonomy":"product_category","embeddable":true,"href":"https:\/\/www.liveu.tv\/de\/wp-json\/wp\/v2\/product_category?post=47802"},{"taxonomy":"product_type","embeddable":true,"href":"https:\/\/www.liveu.tv\/de\/wp-json\/wp\/v2\/product_type?post=47802"}],"curies":[{"name":"wp","href":"https:\/\/api.w.org\/{rel}","templated":true}]}}