{"id":41330,"date":"2021-06-04T16:39:16","date_gmt":"2021-06-04T16:39:16","guid":{"rendered":"https:\/\/liveu.onpressidium.com\/products\/uncategorized\/video-return"},"modified":"2025-03-06T22:53:32","modified_gmt":"2025-03-06T22:53:32","slug":"retorno-de-video","status":"publish","type":"product","link":"https:\/\/www.liveu.tv\/es\/products\/produce\/retorno-de-video","title":{"rendered":"Retorno de Video"},"parent":0,"menu_order":0,"template":"","post_tag":[],"product_category":[2610],"product_type":[1459],"class_list":["post-41330","product","type-product","status-publish","hentry","product_category-produce","product_type-equipos-de-produccion"],"acf":[],"yoast_head":"<!-- This site is optimized with the Yoast SEO Premium plugin v27.3 (Yoast SEO v27.3) - https:\/\/yoast.com\/product\/yoast-seo-premium-wordpress\/ -->\n<title>Retorno de Video - LiveU<\/title>\n<meta name=\"description\" content=\"El Retorno de video de LiveU permite a los equipos de campo recibir video en vivo de la se\u00f1al del estudio, lo que garantiza transmisiones en vivo sin problemas a una fracci\u00f3n del costo de los m\u00e9todos de transmisi\u00f3n tradicionales, como el sat\u00e9lite y la fibra.\" \/>\n<meta name=\"robots\" content=\"index, follow, max-snippet:-1, max-image-preview:large, max-video-preview:-1\" \/>\n<link rel=\"canonical\" href=\"https:\/\/www.liveu.tv\/es\/products\/produce\/retorno-de-video\" \/>\n<meta property=\"og:locale\" content=\"es_ES\" \/>\n<meta property=\"og:type\" content=\"article\" \/>\n<meta property=\"og:title\" content=\"Retorno de Video Return\" \/>\n<meta property=\"og:description\" content=\"Retorno de video en vivo desde el estudio al campo\" \/>\n<meta property=\"og:url\" content=\"https:\/\/www.liveu.tv\/es\/products\/produce\/retorno-de-video\" \/>\n<meta property=\"og:site_name\" content=\"LiveU\" \/>\n<meta property=\"article:publisher\" content=\"https:\/\/www.facebook.com\/LiveU.Fans\" \/>\n<meta property=\"article:modified_time\" content=\"2025-03-06T22:53:32+00:00\" \/>\n<meta property=\"og:image\" content=\"https:\/\/www.liveu.tv\/wp-content\/uploads\/2023\/12\/Video-Return.png\" \/>\n\t<meta property=\"og:image:width\" content=\"1200\" \/>\n\t<meta property=\"og:image:height\" content=\"630\" \/>\n\t<meta property=\"og:image:type\" content=\"image\/png\" \/>\n<meta name=\"twitter:card\" content=\"summary_large_image\" \/>\n<meta name=\"twitter:title\" content=\"Retorno de Video Return\" \/>\n<meta name=\"twitter:description\" content=\"Retorno de video en vivo desde el estudio al campo\" \/>\n<meta name=\"twitter:image\" content=\"https:\/\/www.liveu.tv\/wp-content\/uploads\/2021\/06\/Video-Return-6.png\" \/>\n<meta name=\"twitter:site\" content=\"@LiveU\" \/>\n<script type=\"application\/ld+json\" class=\"yoast-schema-graph\">{\"@context\":\"https:\\\/\\\/schema.org\",\"@graph\":[{\"@type\":\"WebPage\",\"@id\":\"https:\\\/\\\/www.liveu.tv\\\/es\\\/products\\\/produce\\\/retorno-de-video\",\"url\":\"https:\\\/\\\/www.liveu.tv\\\/es\\\/products\\\/produce\\\/retorno-de-video\",\"name\":\"Retorno de Video - LiveU\",\"isPartOf\":{\"@id\":\"https:\\\/\\\/www.liveu.tv\\\/es#website\"},\"datePublished\":\"2021-06-04T16:39:16+00:00\",\"dateModified\":\"2025-03-06T22:53:32+00:00\",\"description\":\"El Retorno de video de LiveU permite a los equipos de campo recibir video en vivo de la se\u00f1al del estudio, lo que garantiza transmisiones en vivo sin problemas a una fracci\u00f3n del costo de los m\u00e9todos de transmisi\u00f3n tradicionales, como el sat\u00e9lite y la fibra.\",\"breadcrumb\":{\"@id\":\"https:\\\/\\\/www.liveu.tv\\\/es\\\/products\\\/produce\\\/retorno-de-video#breadcrumb\"},\"inLanguage\":\"es\",\"potentialAction\":[{\"@type\":\"ReadAction\",\"target\":[\"https:\\\/\\\/www.liveu.tv\\\/es\\\/products\\\/produce\\\/retorno-de-video\"]}]},{\"@type\":\"BreadcrumbList\",\"@id\":\"https:\\\/\\\/www.liveu.tv\\\/es\\\/products\\\/produce\\\/retorno-de-video#breadcrumb\",\"itemListElement\":[{\"@type\":\"ListItem\",\"position\":1,\"name\":\"LiveU\",\"item\":\"https:\\\/\\\/www.liveu.tv\\\/es\"},{\"@type\":\"ListItem\",\"position\":2,\"name\":\"Productos\",\"item\":\"https:\\\/\\\/www.liveu.tv\\\/es\\\/products\"},{\"@type\":\"ListItem\",\"position\":3,\"name\":\"Produce\",\"item\":\"https:\\\/\\\/www.liveu.tv\\\/es\\\/products\\\/produce\"},{\"@type\":\"ListItem\",\"position\":4,\"name\":\"Retorno de Video\"}]},{\"@type\":\"WebSite\",\"@id\":\"https:\\\/\\\/www.liveu.tv\\\/es#website\",\"url\":\"https:\\\/\\\/www.liveu.tv\\\/es\",\"name\":\"LiveU\",\"description\":\"LiveU&#039;s Corporate Website\",\"publisher\":{\"@id\":\"https:\\\/\\\/www.liveu.tv\\\/es#organization\"},\"potentialAction\":[{\"@type\":\"SearchAction\",\"target\":{\"@type\":\"EntryPoint\",\"urlTemplate\":\"https:\\\/\\\/www.liveu.tv\\\/es?s={search_term_string}\"},\"query-input\":{\"@type\":\"PropertyValueSpecification\",\"valueRequired\":true,\"valueName\":\"search_term_string\"}}],\"inLanguage\":\"es\"},{\"@type\":\"Organization\",\"@id\":\"https:\\\/\\\/www.liveu.tv\\\/es#organization\",\"name\":\"LIVEU\",\"url\":\"https:\\\/\\\/www.liveu.tv\\\/es\",\"logo\":{\"@type\":\"ImageObject\",\"inLanguage\":\"es\",\"@id\":\"https:\\\/\\\/www.liveu.tv\\\/es#\\\/schema\\\/logo\\\/image\\\/\",\"url\":\"https:\\\/\\\/www.liveu.tv\\\/wp-content\\\/uploads\\\/2021\\\/06\\\/LiveU_Logo_On_Whtite.png\",\"contentUrl\":\"https:\\\/\\\/www.liveu.tv\\\/wp-content\\\/uploads\\\/2021\\\/06\\\/LiveU_Logo_On_Whtite.png\",\"width\":924,\"height\":313,\"caption\":\"LIVEU\"},\"image\":{\"@id\":\"https:\\\/\\\/www.liveu.tv\\\/es#\\\/schema\\\/logo\\\/image\\\/\"},\"sameAs\":[\"https:\\\/\\\/www.facebook.com\\\/LiveU.Fans\",\"https:\\\/\\\/x.com\\\/LiveU\",\"https:\\\/\\\/www.instagram.com\\\/liveutv\\\/\",\"https:\\\/\\\/www.linkedin.com\\\/company\\\/liveu\",\"https:\\\/\\\/www.youtube.com\\\/user\\\/liveUtv\"]}]}<\/script>\n<!-- \/ Yoast SEO Premium plugin. -->","yoast_head_json":{"title":"Retorno de Video - LiveU","description":"El Retorno de video de LiveU permite a los equipos de campo recibir video en vivo de la se\u00f1al del estudio, lo que garantiza transmisiones en vivo sin problemas a una fracci\u00f3n del costo de los m\u00e9todos de transmisi\u00f3n tradicionales, como el sat\u00e9lite y la fibra.","robots":{"index":"index","follow":"follow","max-snippet":"max-snippet:-1","max-image-preview":"max-image-preview:large","max-video-preview":"max-video-preview:-1"},"canonical":"https:\/\/www.liveu.tv\/es\/products\/produce\/retorno-de-video","og_locale":"es_ES","og_type":"article","og_title":"Retorno de Video Return","og_description":"Retorno de video en vivo desde el estudio al campo","og_url":"https:\/\/www.liveu.tv\/es\/products\/produce\/retorno-de-video","og_site_name":"LiveU","article_publisher":"https:\/\/www.facebook.com\/LiveU.Fans","article_modified_time":"2025-03-06T22:53:32+00:00","og_image":[{"width":1200,"height":630,"url":"https:\/\/www.liveu.tv\/wp-content\/uploads\/2023\/12\/Video-Return.png","type":"image\/png"}],"twitter_card":"summary_large_image","twitter_title":"Retorno de Video Return","twitter_description":"Retorno de video en vivo desde el estudio al campo","twitter_image":"https:\/\/www.liveu.tv\/wp-content\/uploads\/2021\/06\/Video-Return-6.png","twitter_site":"@LiveU","schema":{"@context":"https:\/\/schema.org","@graph":[{"@type":"WebPage","@id":"https:\/\/www.liveu.tv\/es\/products\/produce\/retorno-de-video","url":"https:\/\/www.liveu.tv\/es\/products\/produce\/retorno-de-video","name":"Retorno de Video - LiveU","isPartOf":{"@id":"https:\/\/www.liveu.tv\/es#website"},"datePublished":"2021-06-04T16:39:16+00:00","dateModified":"2025-03-06T22:53:32+00:00","description":"El Retorno de video de LiveU permite a los equipos de campo recibir video en vivo de la se\u00f1al del estudio, lo que garantiza transmisiones en vivo sin problemas a una fracci\u00f3n del costo de los m\u00e9todos de transmisi\u00f3n tradicionales, como el sat\u00e9lite y la fibra.","breadcrumb":{"@id":"https:\/\/www.liveu.tv\/es\/products\/produce\/retorno-de-video#breadcrumb"},"inLanguage":"es","potentialAction":[{"@type":"ReadAction","target":["https:\/\/www.liveu.tv\/es\/products\/produce\/retorno-de-video"]}]},{"@type":"BreadcrumbList","@id":"https:\/\/www.liveu.tv\/es\/products\/produce\/retorno-de-video#breadcrumb","itemListElement":[{"@type":"ListItem","position":1,"name":"LiveU","item":"https:\/\/www.liveu.tv\/es"},{"@type":"ListItem","position":2,"name":"Productos","item":"https:\/\/www.liveu.tv\/es\/products"},{"@type":"ListItem","position":3,"name":"Produce","item":"https:\/\/www.liveu.tv\/es\/products\/produce"},{"@type":"ListItem","position":4,"name":"Retorno de Video"}]},{"@type":"WebSite","@id":"https:\/\/www.liveu.tv\/es#website","url":"https:\/\/www.liveu.tv\/es","name":"LiveU","description":"LiveU&#039;s Corporate Website","publisher":{"@id":"https:\/\/www.liveu.tv\/es#organization"},"potentialAction":[{"@type":"SearchAction","target":{"@type":"EntryPoint","urlTemplate":"https:\/\/www.liveu.tv\/es?s={search_term_string}"},"query-input":{"@type":"PropertyValueSpecification","valueRequired":true,"valueName":"search_term_string"}}],"inLanguage":"es"},{"@type":"Organization","@id":"https:\/\/www.liveu.tv\/es#organization","name":"LIVEU","url":"https:\/\/www.liveu.tv\/es","logo":{"@type":"ImageObject","inLanguage":"es","@id":"https:\/\/www.liveu.tv\/es#\/schema\/logo\/image\/","url":"https:\/\/www.liveu.tv\/wp-content\/uploads\/2021\/06\/LiveU_Logo_On_Whtite.png","contentUrl":"https:\/\/www.liveu.tv\/wp-content\/uploads\/2021\/06\/LiveU_Logo_On_Whtite.png","width":924,"height":313,"caption":"LIVEU"},"image":{"@id":"https:\/\/www.liveu.tv\/es#\/schema\/logo\/image\/"},"sameAs":["https:\/\/www.facebook.com\/LiveU.Fans","https:\/\/x.com\/LiveU","https:\/\/www.instagram.com\/liveutv\/","https:\/\/www.linkedin.com\/company\/liveu","https:\/\/www.youtube.com\/user\/liveUtv"]}]}},"_links":{"self":[{"href":"https:\/\/www.liveu.tv\/es\/wp-json\/wp\/v2\/product\/41330","targetHints":{"allow":["GET"]}}],"collection":[{"href":"https:\/\/www.liveu.tv\/es\/wp-json\/wp\/v2\/product"}],"about":[{"href":"https:\/\/www.liveu.tv\/es\/wp-json\/wp\/v2\/types\/product"}],"version-history":[{"count":6,"href":"https:\/\/www.liveu.tv\/es\/wp-json\/wp\/v2\/product\/41330\/revisions"}],"predecessor-version":[{"id":383554,"href":"https:\/\/www.liveu.tv\/es\/wp-json\/wp\/v2\/product\/41330\/revisions\/383554"}],"wp:attachment":[{"href":"https:\/\/www.liveu.tv\/es\/wp-json\/wp\/v2\/media?parent=41330"}],"wp:term":[{"taxonomy":"post_tag","embeddable":true,"href":"https:\/\/www.liveu.tv\/es\/wp-json\/wp\/v2\/post_tag?post=41330"},{"taxonomy":"product_category","embeddable":true,"href":"https:\/\/www.liveu.tv\/es\/wp-json\/wp\/v2\/product_category?post=41330"},{"taxonomy":"product_type","embeddable":true,"href":"https:\/\/www.liveu.tv\/es\/wp-json\/wp\/v2\/product_type?post=41330"}],"curies":[{"name":"wp","href":"https:\/\/api.w.org\/{rel}","templated":true}]}}