{"id":44963,"date":"2021-06-10T16:38:03","date_gmt":"2021-06-10T16:38:03","guid":{"rendered":"https:\/\/liveu.onpressidium.com\/products\/uncategorized\/ip-pipe"},"modified":"2024-01-07T20:36:26","modified_gmt":"2024-01-07T20:36:26","slug":"ip-pipe","status":"publish","type":"product","link":"https:\/\/www.liveu.tv\/es\/products\/produce\/ip-pipe","title":{"rendered":"IP Pipe"},"parent":0,"menu_order":0,"template":"","post_tag":[],"product_category":[2610],"product_type":[1459],"class_list":["post-44963","product","type-product","status-publish","hentry","product_category-produce","product_type-equipos-de-produccion"],"acf":[],"yoast_head":"<!-- This site is optimized with the Yoast SEO Premium plugin v27.3 (Yoast SEO v27.3) - https:\/\/yoast.com\/product\/yoast-seo-premium-wordpress\/ -->\n<title>IP Pipe - Controle de forma remota su equipo basado en IP<\/title>\n<meta name=\"description\" content=\"Vea c\u00f3mo LiveU IP Pipe le permite obtener control remoto sobre equipos basados en red, mejorando su configuraci\u00f3n de producci\u00f3n remota y reduciendo costos\" \/>\n<meta name=\"robots\" content=\"index, follow, max-snippet:-1, max-image-preview:large, max-video-preview:-1\" \/>\n<link rel=\"canonical\" href=\"https:\/\/www.liveu.tv\/es\/products\/produce\/ip-pipe\" \/>\n<meta property=\"og:locale\" content=\"es_ES\" \/>\n<meta property=\"og:type\" content=\"article\" \/>\n<meta property=\"og:title\" content=\"IP Pipe\" \/>\n<meta property=\"og:description\" content=\"Controle de forma remota su equipo basado en IP\" \/>\n<meta property=\"og:url\" content=\"https:\/\/www.liveu.tv\/es\/products\/produce\/ip-pipe\" \/>\n<meta property=\"og:site_name\" content=\"LiveU\" \/>\n<meta property=\"article:publisher\" content=\"https:\/\/www.facebook.com\/LiveU.Fans\" \/>\n<meta property=\"article:modified_time\" content=\"2024-01-07T20:36:26+00:00\" \/>\n<meta property=\"og:image\" content=\"https:\/\/www.liveu.tv\/wp-content\/uploads\/2023\/12\/IP-Pipe.jpeg\" \/>\n\t<meta property=\"og:image:width\" content=\"2400\" \/>\n\t<meta property=\"og:image:height\" content=\"1260\" \/>\n\t<meta property=\"og:image:type\" content=\"image\/jpeg\" \/>\n<meta name=\"twitter:card\" content=\"summary_large_image\" \/>\n<meta name=\"twitter:title\" content=\"IP Pipe\" \/>\n<meta name=\"twitter:description\" content=\"Controle de forma remota su equipo basado en IP\" \/>\n<meta name=\"twitter:image\" content=\"https:\/\/www.liveu.tv\/wp-content\/uploads\/2021\/06\/IP-Pipe-3.png\" \/>\n<meta name=\"twitter:site\" content=\"@LiveU\" \/>\n<script type=\"application\/ld+json\" class=\"yoast-schema-graph\">{\"@context\":\"https:\\\/\\\/schema.org\",\"@graph\":[{\"@type\":\"WebPage\",\"@id\":\"https:\\\/\\\/www.liveu.tv\\\/es\\\/products\\\/produce\\\/ip-pipe\",\"url\":\"https:\\\/\\\/www.liveu.tv\\\/es\\\/products\\\/produce\\\/ip-pipe\",\"name\":\"IP Pipe - Controle de forma remota su equipo basado en IP\",\"isPartOf\":{\"@id\":\"https:\\\/\\\/www.liveu.tv\\\/es#website\"},\"datePublished\":\"2021-06-10T16:38:03+00:00\",\"dateModified\":\"2024-01-07T20:36:26+00:00\",\"description\":\"Vea c\u00f3mo LiveU IP Pipe le permite obtener control remoto sobre equipos basados en red, mejorando su configuraci\u00f3n de producci\u00f3n remota y reduciendo costos\",\"breadcrumb\":{\"@id\":\"https:\\\/\\\/www.liveu.tv\\\/es\\\/products\\\/produce\\\/ip-pipe#breadcrumb\"},\"inLanguage\":\"es\",\"potentialAction\":[{\"@type\":\"ReadAction\",\"target\":[\"https:\\\/\\\/www.liveu.tv\\\/es\\\/products\\\/produce\\\/ip-pipe\"]}]},{\"@type\":\"BreadcrumbList\",\"@id\":\"https:\\\/\\\/www.liveu.tv\\\/es\\\/products\\\/produce\\\/ip-pipe#breadcrumb\",\"itemListElement\":[{\"@type\":\"ListItem\",\"position\":1,\"name\":\"LiveU\",\"item\":\"https:\\\/\\\/www.liveu.tv\\\/es\"},{\"@type\":\"ListItem\",\"position\":2,\"name\":\"Productos\",\"item\":\"https:\\\/\\\/www.liveu.tv\\\/es\\\/products\"},{\"@type\":\"ListItem\",\"position\":3,\"name\":\"Produce\",\"item\":\"https:\\\/\\\/www.liveu.tv\\\/es\\\/products\\\/produce\"},{\"@type\":\"ListItem\",\"position\":4,\"name\":\"IP Pipe\"}]},{\"@type\":\"WebSite\",\"@id\":\"https:\\\/\\\/www.liveu.tv\\\/es#website\",\"url\":\"https:\\\/\\\/www.liveu.tv\\\/es\",\"name\":\"LiveU\",\"description\":\"LiveU&#039;s Corporate Website\",\"publisher\":{\"@id\":\"https:\\\/\\\/www.liveu.tv\\\/es#organization\"},\"potentialAction\":[{\"@type\":\"SearchAction\",\"target\":{\"@type\":\"EntryPoint\",\"urlTemplate\":\"https:\\\/\\\/www.liveu.tv\\\/es?s={search_term_string}\"},\"query-input\":{\"@type\":\"PropertyValueSpecification\",\"valueRequired\":true,\"valueName\":\"search_term_string\"}}],\"inLanguage\":\"es\"},{\"@type\":\"Organization\",\"@id\":\"https:\\\/\\\/www.liveu.tv\\\/es#organization\",\"name\":\"LIVEU\",\"url\":\"https:\\\/\\\/www.liveu.tv\\\/es\",\"logo\":{\"@type\":\"ImageObject\",\"inLanguage\":\"es\",\"@id\":\"https:\\\/\\\/www.liveu.tv\\\/es#\\\/schema\\\/logo\\\/image\\\/\",\"url\":\"https:\\\/\\\/www.liveu.tv\\\/wp-content\\\/uploads\\\/2021\\\/06\\\/LiveU_Logo_On_Whtite.png\",\"contentUrl\":\"https:\\\/\\\/www.liveu.tv\\\/wp-content\\\/uploads\\\/2021\\\/06\\\/LiveU_Logo_On_Whtite.png\",\"width\":924,\"height\":313,\"caption\":\"LIVEU\"},\"image\":{\"@id\":\"https:\\\/\\\/www.liveu.tv\\\/es#\\\/schema\\\/logo\\\/image\\\/\"},\"sameAs\":[\"https:\\\/\\\/www.facebook.com\\\/LiveU.Fans\",\"https:\\\/\\\/x.com\\\/LiveU\",\"https:\\\/\\\/www.instagram.com\\\/liveutv\\\/\",\"https:\\\/\\\/www.linkedin.com\\\/company\\\/liveu\",\"https:\\\/\\\/www.youtube.com\\\/user\\\/liveUtv\"]}]}<\/script>\n<!-- \/ Yoast SEO Premium plugin. -->","yoast_head_json":{"title":"IP Pipe - Controle de forma remota su equipo basado en IP","description":"Vea c\u00f3mo LiveU IP Pipe le permite obtener control remoto sobre equipos basados en red, mejorando su configuraci\u00f3n de producci\u00f3n remota y reduciendo costos","robots":{"index":"index","follow":"follow","max-snippet":"max-snippet:-1","max-image-preview":"max-image-preview:large","max-video-preview":"max-video-preview:-1"},"canonical":"https:\/\/www.liveu.tv\/es\/products\/produce\/ip-pipe","og_locale":"es_ES","og_type":"article","og_title":"IP Pipe","og_description":"Controle de forma remota su equipo basado en IP","og_url":"https:\/\/www.liveu.tv\/es\/products\/produce\/ip-pipe","og_site_name":"LiveU","article_publisher":"https:\/\/www.facebook.com\/LiveU.Fans","article_modified_time":"2024-01-07T20:36:26+00:00","og_image":[{"width":2400,"height":1260,"url":"https:\/\/www.liveu.tv\/wp-content\/uploads\/2023\/12\/IP-Pipe.jpeg","type":"image\/jpeg"}],"twitter_card":"summary_large_image","twitter_title":"IP Pipe","twitter_description":"Controle de forma remota su equipo basado en IP","twitter_image":"https:\/\/www.liveu.tv\/wp-content\/uploads\/2021\/06\/IP-Pipe-3.png","twitter_site":"@LiveU","schema":{"@context":"https:\/\/schema.org","@graph":[{"@type":"WebPage","@id":"https:\/\/www.liveu.tv\/es\/products\/produce\/ip-pipe","url":"https:\/\/www.liveu.tv\/es\/products\/produce\/ip-pipe","name":"IP Pipe - Controle de forma remota su equipo basado en IP","isPartOf":{"@id":"https:\/\/www.liveu.tv\/es#website"},"datePublished":"2021-06-10T16:38:03+00:00","dateModified":"2024-01-07T20:36:26+00:00","description":"Vea c\u00f3mo LiveU IP Pipe le permite obtener control remoto sobre equipos basados en red, mejorando su configuraci\u00f3n de producci\u00f3n remota y reduciendo costos","breadcrumb":{"@id":"https:\/\/www.liveu.tv\/es\/products\/produce\/ip-pipe#breadcrumb"},"inLanguage":"es","potentialAction":[{"@type":"ReadAction","target":["https:\/\/www.liveu.tv\/es\/products\/produce\/ip-pipe"]}]},{"@type":"BreadcrumbList","@id":"https:\/\/www.liveu.tv\/es\/products\/produce\/ip-pipe#breadcrumb","itemListElement":[{"@type":"ListItem","position":1,"name":"LiveU","item":"https:\/\/www.liveu.tv\/es"},{"@type":"ListItem","position":2,"name":"Productos","item":"https:\/\/www.liveu.tv\/es\/products"},{"@type":"ListItem","position":3,"name":"Produce","item":"https:\/\/www.liveu.tv\/es\/products\/produce"},{"@type":"ListItem","position":4,"name":"IP Pipe"}]},{"@type":"WebSite","@id":"https:\/\/www.liveu.tv\/es#website","url":"https:\/\/www.liveu.tv\/es","name":"LiveU","description":"LiveU&#039;s Corporate Website","publisher":{"@id":"https:\/\/www.liveu.tv\/es#organization"},"potentialAction":[{"@type":"SearchAction","target":{"@type":"EntryPoint","urlTemplate":"https:\/\/www.liveu.tv\/es?s={search_term_string}"},"query-input":{"@type":"PropertyValueSpecification","valueRequired":true,"valueName":"search_term_string"}}],"inLanguage":"es"},{"@type":"Organization","@id":"https:\/\/www.liveu.tv\/es#organization","name":"LIVEU","url":"https:\/\/www.liveu.tv\/es","logo":{"@type":"ImageObject","inLanguage":"es","@id":"https:\/\/www.liveu.tv\/es#\/schema\/logo\/image\/","url":"https:\/\/www.liveu.tv\/wp-content\/uploads\/2021\/06\/LiveU_Logo_On_Whtite.png","contentUrl":"https:\/\/www.liveu.tv\/wp-content\/uploads\/2021\/06\/LiveU_Logo_On_Whtite.png","width":924,"height":313,"caption":"LIVEU"},"image":{"@id":"https:\/\/www.liveu.tv\/es#\/schema\/logo\/image\/"},"sameAs":["https:\/\/www.facebook.com\/LiveU.Fans","https:\/\/x.com\/LiveU","https:\/\/www.instagram.com\/liveutv\/","https:\/\/www.linkedin.com\/company\/liveu","https:\/\/www.youtube.com\/user\/liveUtv"]}]}},"_links":{"self":[{"href":"https:\/\/www.liveu.tv\/es\/wp-json\/wp\/v2\/product\/44963","targetHints":{"allow":["GET"]}}],"collection":[{"href":"https:\/\/www.liveu.tv\/es\/wp-json\/wp\/v2\/product"}],"about":[{"href":"https:\/\/www.liveu.tv\/es\/wp-json\/wp\/v2\/types\/product"}],"version-history":[{"count":3,"href":"https:\/\/www.liveu.tv\/es\/wp-json\/wp\/v2\/product\/44963\/revisions"}],"predecessor-version":[{"id":69626,"href":"https:\/\/www.liveu.tv\/es\/wp-json\/wp\/v2\/product\/44963\/revisions\/69626"}],"wp:attachment":[{"href":"https:\/\/www.liveu.tv\/es\/wp-json\/wp\/v2\/media?parent=44963"}],"wp:term":[{"taxonomy":"post_tag","embeddable":true,"href":"https:\/\/www.liveu.tv\/es\/wp-json\/wp\/v2\/post_tag?post=44963"},{"taxonomy":"product_category","embeddable":true,"href":"https:\/\/www.liveu.tv\/es\/wp-json\/wp\/v2\/product_category?post=44963"},{"taxonomy":"product_type","embeddable":true,"href":"https:\/\/www.liveu.tv\/es\/wp-json\/wp\/v2\/product_type?post=44963"}],"curies":[{"name":"wp","href":"https:\/\/api.w.org\/{rel}","templated":true}]}}