{"id":42680,"date":"2021-03-16T13:40:24","date_gmt":"2021-03-16T13:40:24","guid":{"rendered":"https:\/\/liveu.onpressidium.com\/company"},"modified":"2025-08-28T12:32:07","modified_gmt":"2025-08-28T12:32:07","slug":"company","status":"publish","type":"page","link":"https:\/\/www.liveu.tv\/fr\/company","title":{"rendered":"Soci\u00e9t\u00e9"},"content":{"rendered":"","protected":false},"excerpt":{"rendered":"","protected":false},"author":1,"featured_media":0,"parent":0,"menu_order":0,"comment_status":"closed","ping_status":"closed","template":"templates\/company.php","meta":{"_acf_changed":false,"inline_featured_image":false,"footnotes":""},"post_tag":[],"class_list":["post-42680","page","type-page","status-publish","hentry"],"acf":[],"yoast_head":"<!-- This site is optimized with the Yoast SEO Premium plugin v27.3 (Yoast SEO v27.3) - https:\/\/yoast.com\/product\/yoast-seo-premium-wordpress\/ -->\n<title>LiveU - \u00c0 propos de LiveU<\/title>\n<meta name=\"description\" content=\"LiveU red\u00e9finit le futur de la vid\u00e9o en live pour leL&#039;\u00c9coSyst\u00e8me LiveU est toujours \u00e0 votre service : qualit\u00e9, adaptabilit\u00e9 et efficacit\u00e9\" \/>\n<meta name=\"robots\" content=\"index, follow, max-snippet:-1, max-image-preview:large, max-video-preview:-1\" \/>\n<link rel=\"canonical\" href=\"https:\/\/www.liveu.tv\/fr\/company\" \/>\n<meta property=\"og:locale\" content=\"fr_FR\" \/>\n<meta property=\"og:type\" content=\"article\" \/>\n<meta property=\"og:title\" content=\"LiveU - \u00c0 propos de LiveU\" \/>\n<meta property=\"og:description\" content=\"LiveU red\u00e9finit le futur de la vid\u00e9o en live pour leL&#039;\u00c9coSyst\u00e8me LiveU est toujours \u00e0 votre service : qualit\u00e9, adaptabilit\u00e9 et efficacit\u00e9\" \/>\n<meta property=\"og:url\" content=\"https:\/\/www.liveu.tv\/fr\/company\" \/>\n<meta property=\"og:site_name\" content=\"LiveU\" \/>\n<meta property=\"article:publisher\" content=\"https:\/\/www.facebook.com\/LiveU.Fans\" \/>\n<meta property=\"article:modified_time\" content=\"2025-08-28T12:32:07+00:00\" \/>\n<meta property=\"og:image\" content=\"https:\/\/www.liveu.tv\/wp-content\/uploads\/2024\/01\/Company-1024x538.png\" \/>\n\t<meta property=\"og:image:width\" content=\"1024\" \/>\n\t<meta property=\"og:image:height\" content=\"538\" \/>\n\t<meta property=\"og:image:type\" content=\"image\/png\" \/>\n<meta name=\"twitter:card\" content=\"summary_large_image\" \/>\n<meta name=\"twitter:image\" content=\"https:\/\/www.liveu.tv\/wp-content\/uploads\/2022\/04\/Company-1024x538.png\" \/>\n<meta name=\"twitter:site\" content=\"@LiveU\" \/>\n<script type=\"application\/ld+json\" class=\"yoast-schema-graph\">{\"@context\":\"https:\\\/\\\/schema.org\",\"@graph\":[{\"@type\":\"WebPage\",\"@id\":\"https:\\\/\\\/www.liveu.tv\\\/fr\\\/company\",\"url\":\"https:\\\/\\\/www.liveu.tv\\\/fr\\\/company\",\"name\":\"LiveU - \u00c0 propos de LiveU\",\"isPartOf\":{\"@id\":\"https:\\\/\\\/www.liveu.tv\\\/fr#website\"},\"datePublished\":\"2021-03-16T13:40:24+00:00\",\"dateModified\":\"2025-08-28T12:32:07+00:00\",\"description\":\"LiveU red\u00e9finit le futur de la vid\u00e9o en live pour leL'\u00c9coSyst\u00e8me LiveU est toujours \u00e0 votre service : qualit\u00e9, adaptabilit\u00e9 et efficacit\u00e9\",\"breadcrumb\":{\"@id\":\"https:\\\/\\\/www.liveu.tv\\\/fr\\\/company#breadcrumb\"},\"inLanguage\":\"fr-FR\",\"potentialAction\":[{\"@type\":\"ReadAction\",\"target\":[\"https:\\\/\\\/www.liveu.tv\\\/fr\\\/company\"]}]},{\"@type\":\"BreadcrumbList\",\"@id\":\"https:\\\/\\\/www.liveu.tv\\\/fr\\\/company#breadcrumb\",\"itemListElement\":[{\"@type\":\"ListItem\",\"position\":1,\"name\":\"LiveU\",\"item\":\"https:\\\/\\\/www.liveu.tv\\\/fr\"},{\"@type\":\"ListItem\",\"position\":2,\"name\":\"Soci\u00e9t\u00e9\"}]},{\"@type\":\"WebSite\",\"@id\":\"https:\\\/\\\/www.liveu.tv\\\/fr#website\",\"url\":\"https:\\\/\\\/www.liveu.tv\\\/fr\",\"name\":\"LiveU\",\"description\":\"LiveU&#039;s Corporate Website\",\"publisher\":{\"@id\":\"https:\\\/\\\/www.liveu.tv\\\/fr#organization\"},\"potentialAction\":[{\"@type\":\"SearchAction\",\"target\":{\"@type\":\"EntryPoint\",\"urlTemplate\":\"https:\\\/\\\/www.liveu.tv\\\/fr?s={search_term_string}\"},\"query-input\":{\"@type\":\"PropertyValueSpecification\",\"valueRequired\":true,\"valueName\":\"search_term_string\"}}],\"inLanguage\":\"fr-FR\"},{\"@type\":\"Organization\",\"@id\":\"https:\\\/\\\/www.liveu.tv\\\/fr#organization\",\"name\":\"LIVEU\",\"url\":\"https:\\\/\\\/www.liveu.tv\\\/fr\",\"logo\":{\"@type\":\"ImageObject\",\"inLanguage\":\"fr-FR\",\"@id\":\"https:\\\/\\\/www.liveu.tv\\\/fr#\\\/schema\\\/logo\\\/image\\\/\",\"url\":\"https:\\\/\\\/www.liveu.tv\\\/wp-content\\\/uploads\\\/2021\\\/06\\\/LiveU_Logo_On_Whtite.png\",\"contentUrl\":\"https:\\\/\\\/www.liveu.tv\\\/wp-content\\\/uploads\\\/2021\\\/06\\\/LiveU_Logo_On_Whtite.png\",\"width\":924,\"height\":313,\"caption\":\"LIVEU\"},\"image\":{\"@id\":\"https:\\\/\\\/www.liveu.tv\\\/fr#\\\/schema\\\/logo\\\/image\\\/\"},\"sameAs\":[\"https:\\\/\\\/www.facebook.com\\\/LiveU.Fans\",\"https:\\\/\\\/x.com\\\/LiveU\",\"https:\\\/\\\/www.instagram.com\\\/liveutv\\\/\",\"https:\\\/\\\/www.linkedin.com\\\/company\\\/liveu\",\"https:\\\/\\\/www.youtube.com\\\/user\\\/liveUtv\"]}]}<\/script>\n<!-- \/ Yoast SEO Premium plugin. -->","yoast_head_json":{"title":"LiveU - \u00c0 propos de LiveU","description":"LiveU red\u00e9finit le futur de la vid\u00e9o en live pour leL'\u00c9coSyst\u00e8me LiveU est toujours \u00e0 votre service : qualit\u00e9, adaptabilit\u00e9 et efficacit\u00e9","robots":{"index":"index","follow":"follow","max-snippet":"max-snippet:-1","max-image-preview":"max-image-preview:large","max-video-preview":"max-video-preview:-1"},"canonical":"https:\/\/www.liveu.tv\/fr\/company","og_locale":"fr_FR","og_type":"article","og_title":"LiveU - \u00c0 propos de LiveU","og_description":"LiveU red\u00e9finit le futur de la vid\u00e9o en live pour leL'\u00c9coSyst\u00e8me LiveU est toujours \u00e0 votre service : qualit\u00e9, adaptabilit\u00e9 et efficacit\u00e9","og_url":"https:\/\/www.liveu.tv\/fr\/company","og_site_name":"LiveU","article_publisher":"https:\/\/www.facebook.com\/LiveU.Fans","article_modified_time":"2025-08-28T12:32:07+00:00","og_image":[{"width":1024,"height":538,"url":"https:\/\/www.liveu.tv\/wp-content\/uploads\/2024\/01\/Company-1024x538.png","type":"image\/png"}],"twitter_card":"summary_large_image","twitter_image":"https:\/\/www.liveu.tv\/wp-content\/uploads\/2022\/04\/Company-1024x538.png","twitter_site":"@LiveU","schema":{"@context":"https:\/\/schema.org","@graph":[{"@type":"WebPage","@id":"https:\/\/www.liveu.tv\/fr\/company","url":"https:\/\/www.liveu.tv\/fr\/company","name":"LiveU - \u00c0 propos de LiveU","isPartOf":{"@id":"https:\/\/www.liveu.tv\/fr#website"},"datePublished":"2021-03-16T13:40:24+00:00","dateModified":"2025-08-28T12:32:07+00:00","description":"LiveU red\u00e9finit le futur de la vid\u00e9o en live pour leL'\u00c9coSyst\u00e8me LiveU est toujours \u00e0 votre service : qualit\u00e9, adaptabilit\u00e9 et efficacit\u00e9","breadcrumb":{"@id":"https:\/\/www.liveu.tv\/fr\/company#breadcrumb"},"inLanguage":"fr-FR","potentialAction":[{"@type":"ReadAction","target":["https:\/\/www.liveu.tv\/fr\/company"]}]},{"@type":"BreadcrumbList","@id":"https:\/\/www.liveu.tv\/fr\/company#breadcrumb","itemListElement":[{"@type":"ListItem","position":1,"name":"LiveU","item":"https:\/\/www.liveu.tv\/fr"},{"@type":"ListItem","position":2,"name":"Soci\u00e9t\u00e9"}]},{"@type":"WebSite","@id":"https:\/\/www.liveu.tv\/fr#website","url":"https:\/\/www.liveu.tv\/fr","name":"LiveU","description":"LiveU&#039;s Corporate Website","publisher":{"@id":"https:\/\/www.liveu.tv\/fr#organization"},"potentialAction":[{"@type":"SearchAction","target":{"@type":"EntryPoint","urlTemplate":"https:\/\/www.liveu.tv\/fr?s={search_term_string}"},"query-input":{"@type":"PropertyValueSpecification","valueRequired":true,"valueName":"search_term_string"}}],"inLanguage":"fr-FR"},{"@type":"Organization","@id":"https:\/\/www.liveu.tv\/fr#organization","name":"LIVEU","url":"https:\/\/www.liveu.tv\/fr","logo":{"@type":"ImageObject","inLanguage":"fr-FR","@id":"https:\/\/www.liveu.tv\/fr#\/schema\/logo\/image\/","url":"https:\/\/www.liveu.tv\/wp-content\/uploads\/2021\/06\/LiveU_Logo_On_Whtite.png","contentUrl":"https:\/\/www.liveu.tv\/wp-content\/uploads\/2021\/06\/LiveU_Logo_On_Whtite.png","width":924,"height":313,"caption":"LIVEU"},"image":{"@id":"https:\/\/www.liveu.tv\/fr#\/schema\/logo\/image\/"},"sameAs":["https:\/\/www.facebook.com\/LiveU.Fans","https:\/\/x.com\/LiveU","https:\/\/www.instagram.com\/liveutv\/","https:\/\/www.linkedin.com\/company\/liveu","https:\/\/www.youtube.com\/user\/liveUtv"]}]}},"_links":{"self":[{"href":"https:\/\/www.liveu.tv\/fr\/wp-json\/wp\/v2\/pages\/42680","targetHints":{"allow":["GET"]}}],"collection":[{"href":"https:\/\/www.liveu.tv\/fr\/wp-json\/wp\/v2\/pages"}],"about":[{"href":"https:\/\/www.liveu.tv\/fr\/wp-json\/wp\/v2\/types\/page"}],"author":[{"embeddable":true,"href":"https:\/\/www.liveu.tv\/fr\/wp-json\/wp\/v2\/users\/1"}],"replies":[{"embeddable":true,"href":"https:\/\/www.liveu.tv\/fr\/wp-json\/wp\/v2\/comments?post=42680"}],"version-history":[{"count":5,"href":"https:\/\/www.liveu.tv\/fr\/wp-json\/wp\/v2\/pages\/42680\/revisions"}],"predecessor-version":[{"id":410641,"href":"https:\/\/www.liveu.tv\/fr\/wp-json\/wp\/v2\/pages\/42680\/revisions\/410641"}],"wp:attachment":[{"href":"https:\/\/www.liveu.tv\/fr\/wp-json\/wp\/v2\/media?parent=42680"}],"wp:term":[{"taxonomy":"post_tag","embeddable":true,"href":"https:\/\/www.liveu.tv\/fr\/wp-json\/wp\/v2\/post_tag?post=42680"}],"curies":[{"name":"wp","href":"https:\/\/api.w.org\/{rel}","templated":true}]}}