{"id":292633,"date":"2023-11-09T07:26:10","date_gmt":"2023-11-09T07:26:10","guid":{"rendered":"https:\/\/www.liveu.tv\/?post_type=product&#038;p=292633"},"modified":"2024-02-08T21:10:27","modified_gmt":"2024-02-08T21:10:27","slug":"liveu-transceiver","status":"publish","type":"product","link":"https:\/\/www.liveu.tv\/fr\/products\/create\/liveu-transceiver","title":{"rendered":"Transmetteur vid\u00e9o LiveU"},"parent":0,"menu_order":0,"template":"","post_tag":[],"product_category":[1043,1122],"product_type":[1094,1149],"class_list":["post-292633","product","type-product","status-publish","hentry","product_category-create","product_category-share","product_type-contribution-encoders","product_type-decoders"],"acf":[],"yoast_head":"<!-- This site is optimized with the Yoast SEO Premium plugin v27.3 (Yoast SEO v27.3) - https:\/\/yoast.com\/product\/yoast-seo-premium-wordpress\/ -->\n<title>Transmetteur vid\u00e9o LiveU - Encodeur et d\u00e9codeur polyvalent au format 1U<\/title>\n<meta name=\"description\" content=\"Partagez et recevez jusqu&#039;\u00e0 quatre flux vid\u00e9o simultan\u00e9ment, pour la contribution et la distribution, avec un seul appareil.\" \/>\n<meta name=\"robots\" content=\"index, follow, max-snippet:-1, max-image-preview:large, max-video-preview:-1\" \/>\n<link rel=\"canonical\" href=\"https:\/\/www.liveu.tv\/fr\/products\/create\/liveu-transceiver\" \/>\n<meta property=\"og:locale\" content=\"fr_FR\" \/>\n<meta property=\"og:type\" content=\"article\" \/>\n<meta property=\"og:title\" content=\"LiveU Transceiver\" \/>\n<meta property=\"og:description\" content=\"A highly versatile and efficient 1U encoder and decoder\" \/>\n<meta property=\"og:url\" content=\"https:\/\/www.liveu.tv\/fr\/products\/create\/liveu-transceiver\" \/>\n<meta property=\"og:site_name\" content=\"LiveU\" \/>\n<meta property=\"article:publisher\" content=\"https:\/\/www.facebook.com\/LiveU.Fans\" \/>\n<meta property=\"article:modified_time\" content=\"2024-02-08T21:10:27+00:00\" \/>\n<meta property=\"og:image\" content=\"https:\/\/www.liveu.tv\/wp-content\/uploads\/2023\/11\/Transceiver.png\" \/>\n\t<meta property=\"og:image:width\" content=\"2416\" \/>\n\t<meta property=\"og:image:height\" content=\"1276\" \/>\n\t<meta property=\"og:image:type\" content=\"image\/png\" \/>\n<meta name=\"twitter:card\" content=\"summary_large_image\" \/>\n<meta name=\"twitter:title\" content=\"Transmetteur vid\u00e9o LiveU\" \/>\n<meta name=\"twitter:site\" content=\"@LiveU\" \/>\n<script type=\"application\/ld+json\" class=\"yoast-schema-graph\">{\"@context\":\"https:\\\/\\\/schema.org\",\"@graph\":[{\"@type\":\"WebPage\",\"@id\":\"https:\\\/\\\/www.liveu.tv\\\/fr\\\/products\\\/create\\\/liveu-transceiver\",\"url\":\"https:\\\/\\\/www.liveu.tv\\\/fr\\\/products\\\/create\\\/liveu-transceiver\",\"name\":\"Transmetteur vid\u00e9o LiveU - Encodeur et d\u00e9codeur polyvalent au format 1U\",\"isPartOf\":{\"@id\":\"https:\\\/\\\/www.liveu.tv\\\/fr#website\"},\"datePublished\":\"2023-11-09T07:26:10+00:00\",\"dateModified\":\"2024-02-08T21:10:27+00:00\",\"description\":\"Partagez et recevez jusqu'\u00e0 quatre flux vid\u00e9o simultan\u00e9ment, pour la contribution et la distribution, avec un seul appareil.\",\"breadcrumb\":{\"@id\":\"https:\\\/\\\/www.liveu.tv\\\/fr\\\/products\\\/create\\\/liveu-transceiver#breadcrumb\"},\"inLanguage\":\"fr-FR\",\"potentialAction\":[{\"@type\":\"ReadAction\",\"target\":[\"https:\\\/\\\/www.liveu.tv\\\/fr\\\/products\\\/create\\\/liveu-transceiver\"]}]},{\"@type\":\"BreadcrumbList\",\"@id\":\"https:\\\/\\\/www.liveu.tv\\\/fr\\\/products\\\/create\\\/liveu-transceiver#breadcrumb\",\"itemListElement\":[{\"@type\":\"ListItem\",\"position\":1,\"name\":\"LiveU\",\"item\":\"https:\\\/\\\/www.liveu.tv\\\/fr\"},{\"@type\":\"ListItem\",\"position\":2,\"name\":\"Produits\",\"item\":\"https:\\\/\\\/www.liveu.tv\\\/fr\\\/products\"},{\"@type\":\"ListItem\",\"position\":3,\"name\":\"Cr\u00e9er\",\"item\":\"https:\\\/\\\/www.liveu.tv\\\/fr\\\/products\\\/create\"},{\"@type\":\"ListItem\",\"position\":4,\"name\":\"Transmetteur vid\u00e9o LiveU\"}]},{\"@type\":\"WebSite\",\"@id\":\"https:\\\/\\\/www.liveu.tv\\\/fr#website\",\"url\":\"https:\\\/\\\/www.liveu.tv\\\/fr\",\"name\":\"LiveU\",\"description\":\"LiveU&#039;s Corporate Website\",\"publisher\":{\"@id\":\"https:\\\/\\\/www.liveu.tv\\\/fr#organization\"},\"potentialAction\":[{\"@type\":\"SearchAction\",\"target\":{\"@type\":\"EntryPoint\",\"urlTemplate\":\"https:\\\/\\\/www.liveu.tv\\\/fr?s={search_term_string}\"},\"query-input\":{\"@type\":\"PropertyValueSpecification\",\"valueRequired\":true,\"valueName\":\"search_term_string\"}}],\"inLanguage\":\"fr-FR\"},{\"@type\":\"Organization\",\"@id\":\"https:\\\/\\\/www.liveu.tv\\\/fr#organization\",\"name\":\"LIVEU\",\"url\":\"https:\\\/\\\/www.liveu.tv\\\/fr\",\"logo\":{\"@type\":\"ImageObject\",\"inLanguage\":\"fr-FR\",\"@id\":\"https:\\\/\\\/www.liveu.tv\\\/fr#\\\/schema\\\/logo\\\/image\\\/\",\"url\":\"https:\\\/\\\/www.liveu.tv\\\/wp-content\\\/uploads\\\/2021\\\/06\\\/LiveU_Logo_On_Whtite.png\",\"contentUrl\":\"https:\\\/\\\/www.liveu.tv\\\/wp-content\\\/uploads\\\/2021\\\/06\\\/LiveU_Logo_On_Whtite.png\",\"width\":924,\"height\":313,\"caption\":\"LIVEU\"},\"image\":{\"@id\":\"https:\\\/\\\/www.liveu.tv\\\/fr#\\\/schema\\\/logo\\\/image\\\/\"},\"sameAs\":[\"https:\\\/\\\/www.facebook.com\\\/LiveU.Fans\",\"https:\\\/\\\/x.com\\\/LiveU\",\"https:\\\/\\\/www.instagram.com\\\/liveutv\\\/\",\"https:\\\/\\\/www.linkedin.com\\\/company\\\/liveu\",\"https:\\\/\\\/www.youtube.com\\\/user\\\/liveUtv\"]}]}<\/script>\n<!-- \/ Yoast SEO Premium plugin. -->","yoast_head_json":{"title":"Transmetteur vid\u00e9o LiveU - Encodeur et d\u00e9codeur polyvalent au format 1U","description":"Partagez et recevez jusqu'\u00e0 quatre flux vid\u00e9o simultan\u00e9ment, pour la contribution et la distribution, avec un seul appareil.","robots":{"index":"index","follow":"follow","max-snippet":"max-snippet:-1","max-image-preview":"max-image-preview:large","max-video-preview":"max-video-preview:-1"},"canonical":"https:\/\/www.liveu.tv\/fr\/products\/create\/liveu-transceiver","og_locale":"fr_FR","og_type":"article","og_title":"LiveU Transceiver","og_description":"A highly versatile and efficient 1U encoder and decoder","og_url":"https:\/\/www.liveu.tv\/fr\/products\/create\/liveu-transceiver","og_site_name":"LiveU","article_publisher":"https:\/\/www.facebook.com\/LiveU.Fans","article_modified_time":"2024-02-08T21:10:27+00:00","og_image":[{"width":2416,"height":1276,"url":"https:\/\/www.liveu.tv\/wp-content\/uploads\/2023\/11\/Transceiver.png","type":"image\/png"}],"twitter_card":"summary_large_image","twitter_title":"Transmetteur vid\u00e9o LiveU","twitter_site":"@LiveU","schema":{"@context":"https:\/\/schema.org","@graph":[{"@type":"WebPage","@id":"https:\/\/www.liveu.tv\/fr\/products\/create\/liveu-transceiver","url":"https:\/\/www.liveu.tv\/fr\/products\/create\/liveu-transceiver","name":"Transmetteur vid\u00e9o LiveU - Encodeur et d\u00e9codeur polyvalent au format 1U","isPartOf":{"@id":"https:\/\/www.liveu.tv\/fr#website"},"datePublished":"2023-11-09T07:26:10+00:00","dateModified":"2024-02-08T21:10:27+00:00","description":"Partagez et recevez jusqu'\u00e0 quatre flux vid\u00e9o simultan\u00e9ment, pour la contribution et la distribution, avec un seul appareil.","breadcrumb":{"@id":"https:\/\/www.liveu.tv\/fr\/products\/create\/liveu-transceiver#breadcrumb"},"inLanguage":"fr-FR","potentialAction":[{"@type":"ReadAction","target":["https:\/\/www.liveu.tv\/fr\/products\/create\/liveu-transceiver"]}]},{"@type":"BreadcrumbList","@id":"https:\/\/www.liveu.tv\/fr\/products\/create\/liveu-transceiver#breadcrumb","itemListElement":[{"@type":"ListItem","position":1,"name":"LiveU","item":"https:\/\/www.liveu.tv\/fr"},{"@type":"ListItem","position":2,"name":"Produits","item":"https:\/\/www.liveu.tv\/fr\/products"},{"@type":"ListItem","position":3,"name":"Cr\u00e9er","item":"https:\/\/www.liveu.tv\/fr\/products\/create"},{"@type":"ListItem","position":4,"name":"Transmetteur vid\u00e9o LiveU"}]},{"@type":"WebSite","@id":"https:\/\/www.liveu.tv\/fr#website","url":"https:\/\/www.liveu.tv\/fr","name":"LiveU","description":"LiveU&#039;s Corporate Website","publisher":{"@id":"https:\/\/www.liveu.tv\/fr#organization"},"potentialAction":[{"@type":"SearchAction","target":{"@type":"EntryPoint","urlTemplate":"https:\/\/www.liveu.tv\/fr?s={search_term_string}"},"query-input":{"@type":"PropertyValueSpecification","valueRequired":true,"valueName":"search_term_string"}}],"inLanguage":"fr-FR"},{"@type":"Organization","@id":"https:\/\/www.liveu.tv\/fr#organization","name":"LIVEU","url":"https:\/\/www.liveu.tv\/fr","logo":{"@type":"ImageObject","inLanguage":"fr-FR","@id":"https:\/\/www.liveu.tv\/fr#\/schema\/logo\/image\/","url":"https:\/\/www.liveu.tv\/wp-content\/uploads\/2021\/06\/LiveU_Logo_On_Whtite.png","contentUrl":"https:\/\/www.liveu.tv\/wp-content\/uploads\/2021\/06\/LiveU_Logo_On_Whtite.png","width":924,"height":313,"caption":"LIVEU"},"image":{"@id":"https:\/\/www.liveu.tv\/fr#\/schema\/logo\/image\/"},"sameAs":["https:\/\/www.facebook.com\/LiveU.Fans","https:\/\/x.com\/LiveU","https:\/\/www.instagram.com\/liveutv\/","https:\/\/www.linkedin.com\/company\/liveu","https:\/\/www.youtube.com\/user\/liveUtv"]}]}},"_links":{"self":[{"href":"https:\/\/www.liveu.tv\/fr\/wp-json\/wp\/v2\/product\/292633","targetHints":{"allow":["GET"]}}],"collection":[{"href":"https:\/\/www.liveu.tv\/fr\/wp-json\/wp\/v2\/product"}],"about":[{"href":"https:\/\/www.liveu.tv\/fr\/wp-json\/wp\/v2\/types\/product"}],"version-history":[{"count":6,"href":"https:\/\/www.liveu.tv\/fr\/wp-json\/wp\/v2\/product\/292633\/revisions"}],"predecessor-version":[{"id":313069,"href":"https:\/\/www.liveu.tv\/fr\/wp-json\/wp\/v2\/product\/292633\/revisions\/313069"}],"wp:attachment":[{"href":"https:\/\/www.liveu.tv\/fr\/wp-json\/wp\/v2\/media?parent=292633"}],"wp:term":[{"taxonomy":"post_tag","embeddable":true,"href":"https:\/\/www.liveu.tv\/fr\/wp-json\/wp\/v2\/post_tag?post=292633"},{"taxonomy":"product_category","embeddable":true,"href":"https:\/\/www.liveu.tv\/fr\/wp-json\/wp\/v2\/product_category?post=292633"},{"taxonomy":"product_type","embeddable":true,"href":"https:\/\/www.liveu.tv\/fr\/wp-json\/wp\/v2\/product_type?post=292633"}],"curies":[{"name":"wp","href":"https:\/\/api.w.org\/{rel}","templated":true}]}}