{"id":366076,"date":"2021-07-19T22:33:56","date_gmt":"2021-07-19T22:33:56","guid":{"rendered":"https:\/\/www.liveu.tv\/products\/uncategorized\/lu-reqon1"},"modified":"2025-12-10T17:43:12","modified_gmt":"2025-12-10T17:43:12","slug":"lu-reqon1","status":"publish","type":"product","link":"https:\/\/www.liveu.tv\/fr\/products\/create\/lu-reqon1","title":{"rendered":"LU-REQON1"},"parent":0,"menu_order":0,"template":"","post_tag":[2538],"product_category":[1043],"product_type":[1046],"class_list":["post-366076","product","type-product","status-publish","hentry","product_category-create","product_type-field-units"],"acf":[],"yoast_head":"<!-- This site is optimized with the Yoast SEO Premium plugin v27.3 (Yoast SEO v27.3) - https:\/\/yoast.com\/product\/yoast-seo-premium-wordpress\/ -->\n<title>Transmission vid\u00e9o en direct pour la s\u00e9curit\u00e9 publique | LU-REQON1<\/title>\n<meta name=\"description\" content=\"LU-REQON1\u2122 d\u00e9livre une vid\u00e9o s\u00e9curis\u00e9e au cours de la mission, depuis n&#039;importe quelle source vers toute destination, donnant ainsi une connaissance de la situation qui permet des r\u00e9ponses tactiques rapides\" \/>\n<meta name=\"robots\" content=\"index, follow, max-snippet:-1, max-image-preview:large, max-video-preview:-1\" \/>\n<link rel=\"canonical\" href=\"https:\/\/www.liveu.tv\/fr\/products\/create\/lu-reqon1\" \/>\n<meta property=\"og:locale\" content=\"fr_FR\" \/>\n<meta property=\"og:type\" content=\"article\" \/>\n<meta property=\"og:title\" content=\"LU-REQON1\" \/>\n<meta property=\"og:description\" content=\"Reliable real-time video for public safety and command operations. LU-REQON1 delivers secure, mission-critical video from any source to any destination, enabling instant situational awareness for swift, informed tactical responses.\" \/>\n<meta property=\"og:url\" content=\"https:\/\/www.liveu.tv\/fr\/products\/create\/lu-reqon1\" \/>\n<meta property=\"og:site_name\" content=\"LiveU\" \/>\n<meta property=\"article:publisher\" content=\"https:\/\/www.facebook.com\/LiveU.Fans\" \/>\n<meta property=\"article:modified_time\" content=\"2025-12-10T17:43:12+00:00\" \/>\n<meta property=\"og:image\" content=\"https:\/\/www.liveu.tv\/wp-content\/uploads\/2024\/11\/LUREQON1-Preview.png\" \/>\n\t<meta property=\"og:image:width\" content=\"1200\" \/>\n\t<meta property=\"og:image:height\" content=\"630\" \/>\n\t<meta property=\"og:image:type\" content=\"image\/png\" \/>\n<meta name=\"twitter:card\" content=\"summary_large_image\" \/>\n<meta name=\"twitter:site\" content=\"@LiveU\" \/>\n<script type=\"application\/ld+json\" class=\"yoast-schema-graph\">{\"@context\":\"https:\\\/\\\/schema.org\",\"@graph\":[{\"@type\":\"WebPage\",\"@id\":\"https:\\\/\\\/www.liveu.tv\\\/fr\\\/products\\\/create\\\/lu-reqon1\",\"url\":\"https:\\\/\\\/www.liveu.tv\\\/fr\\\/products\\\/create\\\/lu-reqon1\",\"name\":\"Transmission vid\u00e9o en direct pour la s\u00e9curit\u00e9 publique | LU-REQON1\",\"isPartOf\":{\"@id\":\"https:\\\/\\\/www.liveu.tv\\\/fr#website\"},\"datePublished\":\"2021-07-19T22:33:56+00:00\",\"dateModified\":\"2025-12-10T17:43:12+00:00\",\"description\":\"LU-REQON1\u2122 d\u00e9livre une vid\u00e9o s\u00e9curis\u00e9e au cours de la mission, depuis n'importe quelle source vers toute destination, donnant ainsi une connaissance de la situation qui permet des r\u00e9ponses tactiques rapides\",\"breadcrumb\":{\"@id\":\"https:\\\/\\\/www.liveu.tv\\\/fr\\\/products\\\/create\\\/lu-reqon1#breadcrumb\"},\"inLanguage\":\"fr-FR\",\"potentialAction\":[{\"@type\":\"ReadAction\",\"target\":[\"https:\\\/\\\/www.liveu.tv\\\/fr\\\/products\\\/create\\\/lu-reqon1\"]}]},{\"@type\":\"BreadcrumbList\",\"@id\":\"https:\\\/\\\/www.liveu.tv\\\/fr\\\/products\\\/create\\\/lu-reqon1#breadcrumb\",\"itemListElement\":[{\"@type\":\"ListItem\",\"position\":1,\"name\":\"LiveU\",\"item\":\"https:\\\/\\\/www.liveu.tv\\\/fr\"},{\"@type\":\"ListItem\",\"position\":2,\"name\":\"Produits\",\"item\":\"https:\\\/\\\/www.liveu.tv\\\/fr\\\/products\"},{\"@type\":\"ListItem\",\"position\":3,\"name\":\"Cr\u00e9er\",\"item\":\"https:\\\/\\\/www.liveu.tv\\\/fr\\\/products\\\/create\"},{\"@type\":\"ListItem\",\"position\":4,\"name\":\"LU-REQON1\"}]},{\"@type\":\"WebSite\",\"@id\":\"https:\\\/\\\/www.liveu.tv\\\/fr#website\",\"url\":\"https:\\\/\\\/www.liveu.tv\\\/fr\",\"name\":\"LiveU\",\"description\":\"LiveU&#039;s Corporate Website\",\"publisher\":{\"@id\":\"https:\\\/\\\/www.liveu.tv\\\/fr#organization\"},\"potentialAction\":[{\"@type\":\"SearchAction\",\"target\":{\"@type\":\"EntryPoint\",\"urlTemplate\":\"https:\\\/\\\/www.liveu.tv\\\/fr?s={search_term_string}\"},\"query-input\":{\"@type\":\"PropertyValueSpecification\",\"valueRequired\":true,\"valueName\":\"search_term_string\"}}],\"inLanguage\":\"fr-FR\"},{\"@type\":\"Organization\",\"@id\":\"https:\\\/\\\/www.liveu.tv\\\/fr#organization\",\"name\":\"LIVEU\",\"url\":\"https:\\\/\\\/www.liveu.tv\\\/fr\",\"logo\":{\"@type\":\"ImageObject\",\"inLanguage\":\"fr-FR\",\"@id\":\"https:\\\/\\\/www.liveu.tv\\\/fr#\\\/schema\\\/logo\\\/image\\\/\",\"url\":\"https:\\\/\\\/www.liveu.tv\\\/wp-content\\\/uploads\\\/2021\\\/06\\\/LiveU_Logo_On_Whtite.png\",\"contentUrl\":\"https:\\\/\\\/www.liveu.tv\\\/wp-content\\\/uploads\\\/2021\\\/06\\\/LiveU_Logo_On_Whtite.png\",\"width\":924,\"height\":313,\"caption\":\"LIVEU\"},\"image\":{\"@id\":\"https:\\\/\\\/www.liveu.tv\\\/fr#\\\/schema\\\/logo\\\/image\\\/\"},\"sameAs\":[\"https:\\\/\\\/www.facebook.com\\\/LiveU.Fans\",\"https:\\\/\\\/x.com\\\/LiveU\",\"https:\\\/\\\/www.instagram.com\\\/liveutv\\\/\",\"https:\\\/\\\/www.linkedin.com\\\/company\\\/liveu\",\"https:\\\/\\\/www.youtube.com\\\/user\\\/liveUtv\"]}]}<\/script>\n<!-- \/ Yoast SEO Premium plugin. -->","yoast_head_json":{"title":"Transmission vid\u00e9o en direct pour la s\u00e9curit\u00e9 publique | LU-REQON1","description":"LU-REQON1\u2122 d\u00e9livre une vid\u00e9o s\u00e9curis\u00e9e au cours de la mission, depuis n'importe quelle source vers toute destination, donnant ainsi une connaissance de la situation qui permet des r\u00e9ponses tactiques rapides","robots":{"index":"index","follow":"follow","max-snippet":"max-snippet:-1","max-image-preview":"max-image-preview:large","max-video-preview":"max-video-preview:-1"},"canonical":"https:\/\/www.liveu.tv\/fr\/products\/create\/lu-reqon1","og_locale":"fr_FR","og_type":"article","og_title":"LU-REQON1","og_description":"Reliable real-time video for public safety and command operations. LU-REQON1 delivers secure, mission-critical video from any source to any destination, enabling instant situational awareness for swift, informed tactical responses.","og_url":"https:\/\/www.liveu.tv\/fr\/products\/create\/lu-reqon1","og_site_name":"LiveU","article_publisher":"https:\/\/www.facebook.com\/LiveU.Fans","article_modified_time":"2025-12-10T17:43:12+00:00","og_image":[{"width":1200,"height":630,"url":"https:\/\/www.liveu.tv\/wp-content\/uploads\/2024\/11\/LUREQON1-Preview.png","type":"image\/png"}],"twitter_card":"summary_large_image","twitter_site":"@LiveU","schema":{"@context":"https:\/\/schema.org","@graph":[{"@type":"WebPage","@id":"https:\/\/www.liveu.tv\/fr\/products\/create\/lu-reqon1","url":"https:\/\/www.liveu.tv\/fr\/products\/create\/lu-reqon1","name":"Transmission vid\u00e9o en direct pour la s\u00e9curit\u00e9 publique | LU-REQON1","isPartOf":{"@id":"https:\/\/www.liveu.tv\/fr#website"},"datePublished":"2021-07-19T22:33:56+00:00","dateModified":"2025-12-10T17:43:12+00:00","description":"LU-REQON1\u2122 d\u00e9livre une vid\u00e9o s\u00e9curis\u00e9e au cours de la mission, depuis n'importe quelle source vers toute destination, donnant ainsi une connaissance de la situation qui permet des r\u00e9ponses tactiques rapides","breadcrumb":{"@id":"https:\/\/www.liveu.tv\/fr\/products\/create\/lu-reqon1#breadcrumb"},"inLanguage":"fr-FR","potentialAction":[{"@type":"ReadAction","target":["https:\/\/www.liveu.tv\/fr\/products\/create\/lu-reqon1"]}]},{"@type":"BreadcrumbList","@id":"https:\/\/www.liveu.tv\/fr\/products\/create\/lu-reqon1#breadcrumb","itemListElement":[{"@type":"ListItem","position":1,"name":"LiveU","item":"https:\/\/www.liveu.tv\/fr"},{"@type":"ListItem","position":2,"name":"Produits","item":"https:\/\/www.liveu.tv\/fr\/products"},{"@type":"ListItem","position":3,"name":"Cr\u00e9er","item":"https:\/\/www.liveu.tv\/fr\/products\/create"},{"@type":"ListItem","position":4,"name":"LU-REQON1"}]},{"@type":"WebSite","@id":"https:\/\/www.liveu.tv\/fr#website","url":"https:\/\/www.liveu.tv\/fr","name":"LiveU","description":"LiveU&#039;s Corporate Website","publisher":{"@id":"https:\/\/www.liveu.tv\/fr#organization"},"potentialAction":[{"@type":"SearchAction","target":{"@type":"EntryPoint","urlTemplate":"https:\/\/www.liveu.tv\/fr?s={search_term_string}"},"query-input":{"@type":"PropertyValueSpecification","valueRequired":true,"valueName":"search_term_string"}}],"inLanguage":"fr-FR"},{"@type":"Organization","@id":"https:\/\/www.liveu.tv\/fr#organization","name":"LIVEU","url":"https:\/\/www.liveu.tv\/fr","logo":{"@type":"ImageObject","inLanguage":"fr-FR","@id":"https:\/\/www.liveu.tv\/fr#\/schema\/logo\/image\/","url":"https:\/\/www.liveu.tv\/wp-content\/uploads\/2021\/06\/LiveU_Logo_On_Whtite.png","contentUrl":"https:\/\/www.liveu.tv\/wp-content\/uploads\/2021\/06\/LiveU_Logo_On_Whtite.png","width":924,"height":313,"caption":"LIVEU"},"image":{"@id":"https:\/\/www.liveu.tv\/fr#\/schema\/logo\/image\/"},"sameAs":["https:\/\/www.facebook.com\/LiveU.Fans","https:\/\/x.com\/LiveU","https:\/\/www.instagram.com\/liveutv\/","https:\/\/www.linkedin.com\/company\/liveu","https:\/\/www.youtube.com\/user\/liveUtv"]}]}},"_links":{"self":[{"href":"https:\/\/www.liveu.tv\/fr\/wp-json\/wp\/v2\/product\/366076","targetHints":{"allow":["GET"]}}],"collection":[{"href":"https:\/\/www.liveu.tv\/fr\/wp-json\/wp\/v2\/product"}],"about":[{"href":"https:\/\/www.liveu.tv\/fr\/wp-json\/wp\/v2\/types\/product"}],"version-history":[{"count":5,"href":"https:\/\/www.liveu.tv\/fr\/wp-json\/wp\/v2\/product\/366076\/revisions"}],"predecessor-version":[{"id":429736,"href":"https:\/\/www.liveu.tv\/fr\/wp-json\/wp\/v2\/product\/366076\/revisions\/429736"}],"wp:attachment":[{"href":"https:\/\/www.liveu.tv\/fr\/wp-json\/wp\/v2\/media?parent=366076"}],"wp:term":[{"taxonomy":"post_tag","embeddable":true,"href":"https:\/\/www.liveu.tv\/fr\/wp-json\/wp\/v2\/post_tag?post=366076"},{"taxonomy":"product_category","embeddable":true,"href":"https:\/\/www.liveu.tv\/fr\/wp-json\/wp\/v2\/product_category?post=366076"},{"taxonomy":"product_type","embeddable":true,"href":"https:\/\/www.liveu.tv\/fr\/wp-json\/wp\/v2\/product_type?post=366076"}],"curies":[{"name":"wp","href":"https:\/\/api.w.org\/{rel}","templated":true}]}}