{"id":407482,"date":"2025-09-02T17:54:33","date_gmt":"2025-09-02T17:54:33","guid":{"rendered":"https:\/\/www.liveu.tv\/?post_type=product&#038;p=407482"},"modified":"2025-11-20T12:09:54","modified_gmt":"2025-11-20T12:09:54","slug":"nexus","status":"publish","type":"product","link":"https:\/\/www.liveu.tv\/fr\/products\/manage\/nexus","title":{"rendered":"LiveU Nexus"},"parent":0,"menu_order":0,"template":"","post_tag":[3346],"product_category":[1121],"product_type":[1098,1140],"class_list":["post-407482","product","type-product","status-publish","hentry","product_category-manage","product_type-production-tools","product_type-management"],"acf":[],"yoast_head":"<!-- This site is optimized with the Yoast SEO Premium plugin v27.3 (Yoast SEO v27.3) - https:\/\/yoast.com\/product\/yoast-seo-premium-wordpress\/ -->\n<title>LiveU Nexus | Passerelle vid\u00e9o IP universelle<\/title>\n<meta name=\"description\" content=\"Optimisez les flux SDI, IP et num\u00e9riques gr\u00e2ce au routage instantan\u00e9, \u00e0 la conversion en temps r\u00e9el et \u00e0 l&#039;\u00e9volutivit\u00e9 du Cloud.\" \/>\n<meta name=\"robots\" content=\"index, follow, max-snippet:-1, max-image-preview:large, max-video-preview:-1\" \/>\n<link rel=\"canonical\" href=\"https:\/\/www.liveu.tv\/fr\/products\/manage\/nexus\" \/>\n<meta property=\"og:locale\" content=\"fr_FR\" \/>\n<meta property=\"og:type\" content=\"article\" \/>\n<meta property=\"og:title\" content=\"LiveU Nexus\" \/>\n<meta property=\"og:description\" content=\"Connectez de fa\u00e7on transparente le LRT\u2122, SRT, RTMP et d&#039;autres flux en ligne et sur les r\u00e9seaux sociaux \u00e0 votre infrastructure locale ou dans le Cloud. Con\u00e7u pour les t\u00e9l\u00e9diffuseurs, LiveU Nexus vous permet d&#039;ing\u00e9rer, de convertir, normaliser, et router des flux vid\u00e9o en temps r\u00e9el, avec un minimum de configuration et sans mat\u00e9riel suppl\u00e9mentaire.\" \/>\n<meta property=\"og:url\" content=\"https:\/\/www.liveu.tv\/fr\/products\/manage\/nexus\" \/>\n<meta property=\"og:site_name\" content=\"LiveU\" \/>\n<meta property=\"article:publisher\" content=\"https:\/\/www.facebook.com\/LiveU.Fans\" \/>\n<meta property=\"article:modified_time\" content=\"2025-11-20T12:09:54+00:00\" \/>\n<meta property=\"og:image\" content=\"https:\/\/www.liveu.tv\/wp-content\/uploads\/2025\/08\/LiveU-Nexus-Preview-Image-FR.png\" \/>\n\t<meta property=\"og:image:width\" content=\"1200\" \/>\n\t<meta property=\"og:image:height\" content=\"630\" \/>\n\t<meta property=\"og:image:type\" content=\"image\/png\" \/>\n<meta name=\"twitter:card\" content=\"summary_large_image\" \/>\n<meta name=\"twitter:site\" content=\"@LiveU\" \/>\n<script type=\"application\/ld+json\" class=\"yoast-schema-graph\">{\"@context\":\"https:\\\/\\\/schema.org\",\"@graph\":[{\"@type\":\"WebPage\",\"@id\":\"https:\\\/\\\/www.liveu.tv\\\/fr\\\/products\\\/manage\\\/nexus\",\"url\":\"https:\\\/\\\/www.liveu.tv\\\/fr\\\/products\\\/manage\\\/nexus\",\"name\":\"LiveU Nexus | Passerelle vid\u00e9o IP universelle\",\"isPartOf\":{\"@id\":\"https:\\\/\\\/www.liveu.tv\\\/fr#website\"},\"datePublished\":\"2025-09-02T17:54:33+00:00\",\"dateModified\":\"2025-11-20T12:09:54+00:00\",\"description\":\"Optimisez les flux SDI, IP et num\u00e9riques gr\u00e2ce au routage instantan\u00e9, \u00e0 la conversion en temps r\u00e9el et \u00e0 l'\u00e9volutivit\u00e9 du Cloud.\",\"breadcrumb\":{\"@id\":\"https:\\\/\\\/www.liveu.tv\\\/fr\\\/products\\\/manage\\\/nexus#breadcrumb\"},\"inLanguage\":\"fr-FR\",\"potentialAction\":[{\"@type\":\"ReadAction\",\"target\":[\"https:\\\/\\\/www.liveu.tv\\\/fr\\\/products\\\/manage\\\/nexus\"]}]},{\"@type\":\"BreadcrumbList\",\"@id\":\"https:\\\/\\\/www.liveu.tv\\\/fr\\\/products\\\/manage\\\/nexus#breadcrumb\",\"itemListElement\":[{\"@type\":\"ListItem\",\"position\":1,\"name\":\"LiveU\",\"item\":\"https:\\\/\\\/www.liveu.tv\\\/fr\"},{\"@type\":\"ListItem\",\"position\":2,\"name\":\"Produits\",\"item\":\"https:\\\/\\\/www.liveu.tv\\\/fr\\\/products\"},{\"@type\":\"ListItem\",\"position\":3,\"name\":\"G\u00e9rer\",\"item\":\"https:\\\/\\\/www.liveu.tv\\\/fr\\\/products\\\/manage\"},{\"@type\":\"ListItem\",\"position\":4,\"name\":\"LiveU Nexus\"}]},{\"@type\":\"WebSite\",\"@id\":\"https:\\\/\\\/www.liveu.tv\\\/fr#website\",\"url\":\"https:\\\/\\\/www.liveu.tv\\\/fr\",\"name\":\"LiveU\",\"description\":\"LiveU&#039;s Corporate Website\",\"publisher\":{\"@id\":\"https:\\\/\\\/www.liveu.tv\\\/fr#organization\"},\"potentialAction\":[{\"@type\":\"SearchAction\",\"target\":{\"@type\":\"EntryPoint\",\"urlTemplate\":\"https:\\\/\\\/www.liveu.tv\\\/fr?s={search_term_string}\"},\"query-input\":{\"@type\":\"PropertyValueSpecification\",\"valueRequired\":true,\"valueName\":\"search_term_string\"}}],\"inLanguage\":\"fr-FR\"},{\"@type\":\"Organization\",\"@id\":\"https:\\\/\\\/www.liveu.tv\\\/fr#organization\",\"name\":\"LIVEU\",\"url\":\"https:\\\/\\\/www.liveu.tv\\\/fr\",\"logo\":{\"@type\":\"ImageObject\",\"inLanguage\":\"fr-FR\",\"@id\":\"https:\\\/\\\/www.liveu.tv\\\/fr#\\\/schema\\\/logo\\\/image\\\/\",\"url\":\"https:\\\/\\\/www.liveu.tv\\\/wp-content\\\/uploads\\\/2021\\\/06\\\/LiveU_Logo_On_Whtite.png\",\"contentUrl\":\"https:\\\/\\\/www.liveu.tv\\\/wp-content\\\/uploads\\\/2021\\\/06\\\/LiveU_Logo_On_Whtite.png\",\"width\":924,\"height\":313,\"caption\":\"LIVEU\"},\"image\":{\"@id\":\"https:\\\/\\\/www.liveu.tv\\\/fr#\\\/schema\\\/logo\\\/image\\\/\"},\"sameAs\":[\"https:\\\/\\\/www.facebook.com\\\/LiveU.Fans\",\"https:\\\/\\\/x.com\\\/LiveU\",\"https:\\\/\\\/www.instagram.com\\\/liveutv\\\/\",\"https:\\\/\\\/www.linkedin.com\\\/company\\\/liveu\",\"https:\\\/\\\/www.youtube.com\\\/user\\\/liveUtv\"]}]}<\/script>\n<!-- \/ Yoast SEO Premium plugin. -->","yoast_head_json":{"title":"LiveU Nexus | Passerelle vid\u00e9o IP universelle","description":"Optimisez les flux SDI, IP et num\u00e9riques gr\u00e2ce au routage instantan\u00e9, \u00e0 la conversion en temps r\u00e9el et \u00e0 l'\u00e9volutivit\u00e9 du Cloud.","robots":{"index":"index","follow":"follow","max-snippet":"max-snippet:-1","max-image-preview":"max-image-preview:large","max-video-preview":"max-video-preview:-1"},"canonical":"https:\/\/www.liveu.tv\/fr\/products\/manage\/nexus","og_locale":"fr_FR","og_type":"article","og_title":"LiveU Nexus","og_description":"Connectez de fa\u00e7on transparente le LRT\u2122, SRT, RTMP et d'autres flux en ligne et sur les r\u00e9seaux sociaux \u00e0 votre infrastructure locale ou dans le Cloud. Con\u00e7u pour les t\u00e9l\u00e9diffuseurs, LiveU Nexus vous permet d'ing\u00e9rer, de convertir, normaliser, et router des flux vid\u00e9o en temps r\u00e9el, avec un minimum de configuration et sans mat\u00e9riel suppl\u00e9mentaire.","og_url":"https:\/\/www.liveu.tv\/fr\/products\/manage\/nexus","og_site_name":"LiveU","article_publisher":"https:\/\/www.facebook.com\/LiveU.Fans","article_modified_time":"2025-11-20T12:09:54+00:00","og_image":[{"width":1200,"height":630,"url":"https:\/\/www.liveu.tv\/wp-content\/uploads\/2025\/08\/LiveU-Nexus-Preview-Image-FR.png","type":"image\/png"}],"twitter_card":"summary_large_image","twitter_site":"@LiveU","schema":{"@context":"https:\/\/schema.org","@graph":[{"@type":"WebPage","@id":"https:\/\/www.liveu.tv\/fr\/products\/manage\/nexus","url":"https:\/\/www.liveu.tv\/fr\/products\/manage\/nexus","name":"LiveU Nexus | Passerelle vid\u00e9o IP universelle","isPartOf":{"@id":"https:\/\/www.liveu.tv\/fr#website"},"datePublished":"2025-09-02T17:54:33+00:00","dateModified":"2025-11-20T12:09:54+00:00","description":"Optimisez les flux SDI, IP et num\u00e9riques gr\u00e2ce au routage instantan\u00e9, \u00e0 la conversion en temps r\u00e9el et \u00e0 l'\u00e9volutivit\u00e9 du Cloud.","breadcrumb":{"@id":"https:\/\/www.liveu.tv\/fr\/products\/manage\/nexus#breadcrumb"},"inLanguage":"fr-FR","potentialAction":[{"@type":"ReadAction","target":["https:\/\/www.liveu.tv\/fr\/products\/manage\/nexus"]}]},{"@type":"BreadcrumbList","@id":"https:\/\/www.liveu.tv\/fr\/products\/manage\/nexus#breadcrumb","itemListElement":[{"@type":"ListItem","position":1,"name":"LiveU","item":"https:\/\/www.liveu.tv\/fr"},{"@type":"ListItem","position":2,"name":"Produits","item":"https:\/\/www.liveu.tv\/fr\/products"},{"@type":"ListItem","position":3,"name":"G\u00e9rer","item":"https:\/\/www.liveu.tv\/fr\/products\/manage"},{"@type":"ListItem","position":4,"name":"LiveU Nexus"}]},{"@type":"WebSite","@id":"https:\/\/www.liveu.tv\/fr#website","url":"https:\/\/www.liveu.tv\/fr","name":"LiveU","description":"LiveU&#039;s Corporate Website","publisher":{"@id":"https:\/\/www.liveu.tv\/fr#organization"},"potentialAction":[{"@type":"SearchAction","target":{"@type":"EntryPoint","urlTemplate":"https:\/\/www.liveu.tv\/fr?s={search_term_string}"},"query-input":{"@type":"PropertyValueSpecification","valueRequired":true,"valueName":"search_term_string"}}],"inLanguage":"fr-FR"},{"@type":"Organization","@id":"https:\/\/www.liveu.tv\/fr#organization","name":"LIVEU","url":"https:\/\/www.liveu.tv\/fr","logo":{"@type":"ImageObject","inLanguage":"fr-FR","@id":"https:\/\/www.liveu.tv\/fr#\/schema\/logo\/image\/","url":"https:\/\/www.liveu.tv\/wp-content\/uploads\/2021\/06\/LiveU_Logo_On_Whtite.png","contentUrl":"https:\/\/www.liveu.tv\/wp-content\/uploads\/2021\/06\/LiveU_Logo_On_Whtite.png","width":924,"height":313,"caption":"LIVEU"},"image":{"@id":"https:\/\/www.liveu.tv\/fr#\/schema\/logo\/image\/"},"sameAs":["https:\/\/www.facebook.com\/LiveU.Fans","https:\/\/x.com\/LiveU","https:\/\/www.instagram.com\/liveutv\/","https:\/\/www.linkedin.com\/company\/liveu","https:\/\/www.youtube.com\/user\/liveUtv"]}]}},"_links":{"self":[{"href":"https:\/\/www.liveu.tv\/fr\/wp-json\/wp\/v2\/product\/407482","targetHints":{"allow":["GET"]}}],"collection":[{"href":"https:\/\/www.liveu.tv\/fr\/wp-json\/wp\/v2\/product"}],"about":[{"href":"https:\/\/www.liveu.tv\/fr\/wp-json\/wp\/v2\/types\/product"}],"version-history":[{"count":5,"href":"https:\/\/www.liveu.tv\/fr\/wp-json\/wp\/v2\/product\/407482\/revisions"}],"predecessor-version":[{"id":426760,"href":"https:\/\/www.liveu.tv\/fr\/wp-json\/wp\/v2\/product\/407482\/revisions\/426760"}],"wp:attachment":[{"href":"https:\/\/www.liveu.tv\/fr\/wp-json\/wp\/v2\/media?parent=407482"}],"wp:term":[{"taxonomy":"post_tag","embeddable":true,"href":"https:\/\/www.liveu.tv\/fr\/wp-json\/wp\/v2\/post_tag?post=407482"},{"taxonomy":"product_category","embeddable":true,"href":"https:\/\/www.liveu.tv\/fr\/wp-json\/wp\/v2\/product_category?post=407482"},{"taxonomy":"product_type","embeddable":true,"href":"https:\/\/www.liveu.tv\/fr\/wp-json\/wp\/v2\/product_type?post=407482"}],"curies":[{"name":"wp","href":"https:\/\/api.w.org\/{rel}","templated":true}]}}