{"id":409654,"date":"2025-09-09T09:06:45","date_gmt":"2025-09-09T09:06:45","guid":{"rendered":"https:\/\/www.liveu.tv\/?post_type=product&#038;p=409654"},"modified":"2026-03-19T11:47:25","modified_gmt":"2026-03-19T11:47:25","slug":"lu900q","status":"publish","type":"product","link":"https:\/\/www.liveu.tv\/fr\/products\/create\/lu900q","title":{"rendered":"LU900Q"},"parent":0,"menu_order":0,"template":"","post_tag":[],"product_category":[1043],"product_type":[1046],"class_list":["post-409654","product","type-product","status-publish","hentry","product_category-create","product_type-field-units"],"acf":[],"yoast_head":"<!-- This site is optimized with the Yoast SEO Premium plugin v27.3 (Yoast SEO v27.3) - https:\/\/yoast.com\/product\/yoast-seo-premium-wordpress\/ -->\n<title>LU900Q - LiveU<\/title>\n<meta name=\"description\" content=\"Le LU900Q permet une production vid\u00e9o en direct intelligente, bas\u00e9e sur l&#039;IA : des diffusions HDR 4:2:2 10 bits o\u00f9 que vous soyez, avec une fiabilit\u00e9 et des performances in\u00e9gal\u00e9es.\" \/>\n<meta name=\"robots\" content=\"index, follow, max-snippet:-1, max-image-preview:large, max-video-preview:-1\" \/>\n<link rel=\"canonical\" href=\"https:\/\/www.liveu.tv\/fr\/products\/create\/lu900q\" \/>\n<meta property=\"og:locale\" content=\"fr_FR\" \/>\n<meta property=\"og:type\" content=\"article\" \/>\n<meta property=\"og:title\" content=\"LU900Q | Unit\u00e9 de terrain nouvelle g\u00e9n\u00e9ration avec technologie LIQ\u2122\" \/>\n<meta property=\"og:description\" content=\"Le LU900Q permet une production vid\u00e9o en direct intelligente, bas\u00e9e sur l&#039;IA : des diffusions HDR 4:2:2 10 bits o\u00f9 que vous soyez, avec une fiabilit\u00e9 et des performances in\u00e9gal\u00e9es.\" \/>\n<meta property=\"og:url\" content=\"https:\/\/www.liveu.tv\/fr\/products\/create\/lu900q\" \/>\n<meta property=\"og:site_name\" content=\"LiveU\" \/>\n<meta property=\"article:publisher\" content=\"https:\/\/www.facebook.com\/LiveU.Fans\" \/>\n<meta property=\"article:modified_time\" content=\"2026-03-19T11:47:25+00:00\" \/>\n<meta property=\"og:image\" content=\"https:\/\/www.liveu.tv\/wp-content\/uploads\/2025\/09\/LU900Q-Preview-Image-FR.png\" \/>\n\t<meta property=\"og:image:width\" content=\"1200\" \/>\n\t<meta property=\"og:image:height\" content=\"630\" \/>\n\t<meta property=\"og:image:type\" content=\"image\/png\" \/>\n<meta name=\"twitter:card\" content=\"summary_large_image\" \/>\n<meta name=\"twitter:title\" content=\"LU900Q\" \/>\n<meta name=\"twitter:site\" content=\"@LiveU\" \/>\n<script type=\"application\/ld+json\" class=\"yoast-schema-graph\">{\"@context\":\"https:\\\/\\\/schema.org\",\"@graph\":[{\"@type\":\"WebPage\",\"@id\":\"https:\\\/\\\/www.liveu.tv\\\/fr\\\/products\\\/create\\\/lu900q\",\"url\":\"https:\\\/\\\/www.liveu.tv\\\/fr\\\/products\\\/create\\\/lu900q\",\"name\":\"LU900Q - LiveU\",\"isPartOf\":{\"@id\":\"https:\\\/\\\/www.liveu.tv\\\/fr#website\"},\"datePublished\":\"2025-09-09T09:06:45+00:00\",\"dateModified\":\"2026-03-19T11:47:25+00:00\",\"description\":\"Le LU900Q permet une production vid\u00e9o en direct intelligente, bas\u00e9e sur l'IA : des diffusions HDR 4:2:2 10 bits o\u00f9 que vous soyez, avec une fiabilit\u00e9 et des performances in\u00e9gal\u00e9es.\",\"breadcrumb\":{\"@id\":\"https:\\\/\\\/www.liveu.tv\\\/fr\\\/products\\\/create\\\/lu900q#breadcrumb\"},\"inLanguage\":\"fr-FR\",\"potentialAction\":[{\"@type\":\"ReadAction\",\"target\":[\"https:\\\/\\\/www.liveu.tv\\\/fr\\\/products\\\/create\\\/lu900q\"]}]},{\"@type\":\"BreadcrumbList\",\"@id\":\"https:\\\/\\\/www.liveu.tv\\\/fr\\\/products\\\/create\\\/lu900q#breadcrumb\",\"itemListElement\":[{\"@type\":\"ListItem\",\"position\":1,\"name\":\"LiveU\",\"item\":\"https:\\\/\\\/www.liveu.tv\\\/fr\"},{\"@type\":\"ListItem\",\"position\":2,\"name\":\"Produits\",\"item\":\"https:\\\/\\\/www.liveu.tv\\\/fr\\\/products\"},{\"@type\":\"ListItem\",\"position\":3,\"name\":\"Cr\u00e9er\",\"item\":\"https:\\\/\\\/www.liveu.tv\\\/fr\\\/products\\\/create\"},{\"@type\":\"ListItem\",\"position\":4,\"name\":\"LU900Q\"}]},{\"@type\":\"WebSite\",\"@id\":\"https:\\\/\\\/www.liveu.tv\\\/fr#website\",\"url\":\"https:\\\/\\\/www.liveu.tv\\\/fr\",\"name\":\"LiveU\",\"description\":\"LiveU&#039;s Corporate Website\",\"publisher\":{\"@id\":\"https:\\\/\\\/www.liveu.tv\\\/fr#organization\"},\"potentialAction\":[{\"@type\":\"SearchAction\",\"target\":{\"@type\":\"EntryPoint\",\"urlTemplate\":\"https:\\\/\\\/www.liveu.tv\\\/fr?s={search_term_string}\"},\"query-input\":{\"@type\":\"PropertyValueSpecification\",\"valueRequired\":true,\"valueName\":\"search_term_string\"}}],\"inLanguage\":\"fr-FR\"},{\"@type\":\"Organization\",\"@id\":\"https:\\\/\\\/www.liveu.tv\\\/fr#organization\",\"name\":\"LIVEU\",\"url\":\"https:\\\/\\\/www.liveu.tv\\\/fr\",\"logo\":{\"@type\":\"ImageObject\",\"inLanguage\":\"fr-FR\",\"@id\":\"https:\\\/\\\/www.liveu.tv\\\/fr#\\\/schema\\\/logo\\\/image\\\/\",\"url\":\"https:\\\/\\\/www.liveu.tv\\\/wp-content\\\/uploads\\\/2021\\\/06\\\/LiveU_Logo_On_Whtite.png\",\"contentUrl\":\"https:\\\/\\\/www.liveu.tv\\\/wp-content\\\/uploads\\\/2021\\\/06\\\/LiveU_Logo_On_Whtite.png\",\"width\":924,\"height\":313,\"caption\":\"LIVEU\"},\"image\":{\"@id\":\"https:\\\/\\\/www.liveu.tv\\\/fr#\\\/schema\\\/logo\\\/image\\\/\"},\"sameAs\":[\"https:\\\/\\\/www.facebook.com\\\/LiveU.Fans\",\"https:\\\/\\\/x.com\\\/LiveU\",\"https:\\\/\\\/www.instagram.com\\\/liveutv\\\/\",\"https:\\\/\\\/www.linkedin.com\\\/company\\\/liveu\",\"https:\\\/\\\/www.youtube.com\\\/user\\\/liveUtv\"]}]}<\/script>\n<!-- \/ Yoast SEO Premium plugin. -->","yoast_head_json":{"title":"LU900Q - LiveU","description":"Le LU900Q permet une production vid\u00e9o en direct intelligente, bas\u00e9e sur l'IA : des diffusions HDR 4:2:2 10 bits o\u00f9 que vous soyez, avec une fiabilit\u00e9 et des performances in\u00e9gal\u00e9es.","robots":{"index":"index","follow":"follow","max-snippet":"max-snippet:-1","max-image-preview":"max-image-preview:large","max-video-preview":"max-video-preview:-1"},"canonical":"https:\/\/www.liveu.tv\/fr\/products\/create\/lu900q","og_locale":"fr_FR","og_type":"article","og_title":"LU900Q | Unit\u00e9 de terrain nouvelle g\u00e9n\u00e9ration avec technologie LIQ\u2122","og_description":"Le LU900Q permet une production vid\u00e9o en direct intelligente, bas\u00e9e sur l'IA : des diffusions HDR 4:2:2 10 bits o\u00f9 que vous soyez, avec une fiabilit\u00e9 et des performances in\u00e9gal\u00e9es.","og_url":"https:\/\/www.liveu.tv\/fr\/products\/create\/lu900q","og_site_name":"LiveU","article_publisher":"https:\/\/www.facebook.com\/LiveU.Fans","article_modified_time":"2026-03-19T11:47:25+00:00","og_image":[{"width":1200,"height":630,"url":"https:\/\/www.liveu.tv\/wp-content\/uploads\/2025\/09\/LU900Q-Preview-Image-FR.png","type":"image\/png"}],"twitter_card":"summary_large_image","twitter_title":"LU900Q","twitter_site":"@LiveU","schema":{"@context":"https:\/\/schema.org","@graph":[{"@type":"WebPage","@id":"https:\/\/www.liveu.tv\/fr\/products\/create\/lu900q","url":"https:\/\/www.liveu.tv\/fr\/products\/create\/lu900q","name":"LU900Q - LiveU","isPartOf":{"@id":"https:\/\/www.liveu.tv\/fr#website"},"datePublished":"2025-09-09T09:06:45+00:00","dateModified":"2026-03-19T11:47:25+00:00","description":"Le LU900Q permet une production vid\u00e9o en direct intelligente, bas\u00e9e sur l'IA : des diffusions HDR 4:2:2 10 bits o\u00f9 que vous soyez, avec une fiabilit\u00e9 et des performances in\u00e9gal\u00e9es.","breadcrumb":{"@id":"https:\/\/www.liveu.tv\/fr\/products\/create\/lu900q#breadcrumb"},"inLanguage":"fr-FR","potentialAction":[{"@type":"ReadAction","target":["https:\/\/www.liveu.tv\/fr\/products\/create\/lu900q"]}]},{"@type":"BreadcrumbList","@id":"https:\/\/www.liveu.tv\/fr\/products\/create\/lu900q#breadcrumb","itemListElement":[{"@type":"ListItem","position":1,"name":"LiveU","item":"https:\/\/www.liveu.tv\/fr"},{"@type":"ListItem","position":2,"name":"Produits","item":"https:\/\/www.liveu.tv\/fr\/products"},{"@type":"ListItem","position":3,"name":"Cr\u00e9er","item":"https:\/\/www.liveu.tv\/fr\/products\/create"},{"@type":"ListItem","position":4,"name":"LU900Q"}]},{"@type":"WebSite","@id":"https:\/\/www.liveu.tv\/fr#website","url":"https:\/\/www.liveu.tv\/fr","name":"LiveU","description":"LiveU&#039;s Corporate Website","publisher":{"@id":"https:\/\/www.liveu.tv\/fr#organization"},"potentialAction":[{"@type":"SearchAction","target":{"@type":"EntryPoint","urlTemplate":"https:\/\/www.liveu.tv\/fr?s={search_term_string}"},"query-input":{"@type":"PropertyValueSpecification","valueRequired":true,"valueName":"search_term_string"}}],"inLanguage":"fr-FR"},{"@type":"Organization","@id":"https:\/\/www.liveu.tv\/fr#organization","name":"LIVEU","url":"https:\/\/www.liveu.tv\/fr","logo":{"@type":"ImageObject","inLanguage":"fr-FR","@id":"https:\/\/www.liveu.tv\/fr#\/schema\/logo\/image\/","url":"https:\/\/www.liveu.tv\/wp-content\/uploads\/2021\/06\/LiveU_Logo_On_Whtite.png","contentUrl":"https:\/\/www.liveu.tv\/wp-content\/uploads\/2021\/06\/LiveU_Logo_On_Whtite.png","width":924,"height":313,"caption":"LIVEU"},"image":{"@id":"https:\/\/www.liveu.tv\/fr#\/schema\/logo\/image\/"},"sameAs":["https:\/\/www.facebook.com\/LiveU.Fans","https:\/\/x.com\/LiveU","https:\/\/www.instagram.com\/liveutv\/","https:\/\/www.linkedin.com\/company\/liveu","https:\/\/www.youtube.com\/user\/liveUtv"]}]}},"_links":{"self":[{"href":"https:\/\/www.liveu.tv\/fr\/wp-json\/wp\/v2\/product\/409654","targetHints":{"allow":["GET"]}}],"collection":[{"href":"https:\/\/www.liveu.tv\/fr\/wp-json\/wp\/v2\/product"}],"about":[{"href":"https:\/\/www.liveu.tv\/fr\/wp-json\/wp\/v2\/types\/product"}],"version-history":[{"count":6,"href":"https:\/\/www.liveu.tv\/fr\/wp-json\/wp\/v2\/product\/409654\/revisions"}],"predecessor-version":[{"id":444757,"href":"https:\/\/www.liveu.tv\/fr\/wp-json\/wp\/v2\/product\/409654\/revisions\/444757"}],"wp:attachment":[{"href":"https:\/\/www.liveu.tv\/fr\/wp-json\/wp\/v2\/media?parent=409654"}],"wp:term":[{"taxonomy":"post_tag","embeddable":true,"href":"https:\/\/www.liveu.tv\/fr\/wp-json\/wp\/v2\/post_tag?post=409654"},{"taxonomy":"product_category","embeddable":true,"href":"https:\/\/www.liveu.tv\/fr\/wp-json\/wp\/v2\/product_category?post=409654"},{"taxonomy":"product_type","embeddable":true,"href":"https:\/\/www.liveu.tv\/fr\/wp-json\/wp\/v2\/product_type?post=409654"}],"curies":[{"name":"wp","href":"https:\/\/api.w.org\/{rel}","templated":true}]}}