{"id":44975,"date":"2021-06-08T16:38:20","date_gmt":"2021-06-08T16:38:20","guid":{"rendered":"https:\/\/liveu.onpressidium.com\/products\/uncategorized\/tally-light"},"modified":"2024-01-07T15:38:16","modified_gmt":"2024-01-07T15:38:16","slug":"tally-light","status":"publish","type":"product","link":"https:\/\/www.liveu.tv\/fr\/products\/produce\/tally-light","title":{"rendered":"Tally Light"},"parent":0,"menu_order":0,"template":"","post_tag":[],"product_category":[2598],"product_type":[1098],"class_list":["post-44975","product","type-product","status-publish","hentry","product_category-produce","product_type-production-tools"],"acf":[],"yoast_head":"<!-- This site is optimized with the Yoast SEO Premium plugin v27.3 (Yoast SEO v27.3) - https:\/\/yoast.com\/product\/yoast-seo-premium-wordpress\/ -->\n<title>Tally Light - LiveU<\/title>\n<meta name=\"description\" content=\"Des broadcasts en directs d\u2019allure professionnelle et fluides, o\u00f9 que vous soyez.\" \/>\n<meta name=\"robots\" content=\"index, follow, max-snippet:-1, max-image-preview:large, max-video-preview:-1\" \/>\n<link rel=\"canonical\" href=\"https:\/\/www.liveu.tv\/fr\/products\/produce\/tally-light\" \/>\n<meta property=\"og:locale\" content=\"fr_FR\" \/>\n<meta property=\"og:type\" content=\"article\" \/>\n<meta property=\"og:title\" content=\"Tally Light\" \/>\n<meta property=\"og:description\" content=\"V\u00e9rifiez que vous \u00eates en direct d&#039;un seul coup d&#039;\u0153il\" \/>\n<meta property=\"og:url\" content=\"https:\/\/www.liveu.tv\/fr\/products\/produce\/tally-light\" \/>\n<meta property=\"og:site_name\" content=\"LiveU\" \/>\n<meta property=\"article:publisher\" content=\"https:\/\/www.facebook.com\/LiveU.Fans\" \/>\n<meta property=\"article:modified_time\" content=\"2024-01-07T15:38:16+00:00\" \/>\n<meta property=\"og:image\" content=\"https:\/\/www.liveu.tv\/wp-content\/uploads\/2023\/12\/Tally-Light.png\" \/>\n\t<meta property=\"og:image:width\" content=\"1200\" \/>\n\t<meta property=\"og:image:height\" content=\"630\" \/>\n\t<meta property=\"og:image:type\" content=\"image\/png\" \/>\n<meta name=\"twitter:card\" content=\"summary_large_image\" \/>\n<meta name=\"twitter:title\" content=\"Tally Light\" \/>\n<meta name=\"twitter:description\" content=\"V\u00e9rifiez que vous \u00eates en direct d&#039;un seul coup d&#039;\u0153il\" \/>\n<meta name=\"twitter:image\" content=\"https:\/\/www.liveu.tv\/wp-content\/uploads\/2021\/06\/Tally-Light-2.png\" \/>\n<meta name=\"twitter:site\" content=\"@LiveU\" \/>\n<script type=\"application\/ld+json\" class=\"yoast-schema-graph\">{\"@context\":\"https:\\\/\\\/schema.org\",\"@graph\":[{\"@type\":\"WebPage\",\"@id\":\"https:\\\/\\\/www.liveu.tv\\\/fr\\\/products\\\/produce\\\/tally-light\",\"url\":\"https:\\\/\\\/www.liveu.tv\\\/fr\\\/products\\\/produce\\\/tally-light\",\"name\":\"Tally Light - LiveU\",\"isPartOf\":{\"@id\":\"https:\\\/\\\/www.liveu.tv\\\/fr#website\"},\"datePublished\":\"2021-06-08T16:38:20+00:00\",\"dateModified\":\"2024-01-07T15:38:16+00:00\",\"description\":\"Des broadcasts en directs d\u2019allure professionnelle et fluides, o\u00f9 que vous soyez.\",\"breadcrumb\":{\"@id\":\"https:\\\/\\\/www.liveu.tv\\\/fr\\\/products\\\/produce\\\/tally-light#breadcrumb\"},\"inLanguage\":\"fr-FR\",\"potentialAction\":[{\"@type\":\"ReadAction\",\"target\":[\"https:\\\/\\\/www.liveu.tv\\\/fr\\\/products\\\/produce\\\/tally-light\"]}]},{\"@type\":\"BreadcrumbList\",\"@id\":\"https:\\\/\\\/www.liveu.tv\\\/fr\\\/products\\\/produce\\\/tally-light#breadcrumb\",\"itemListElement\":[{\"@type\":\"ListItem\",\"position\":1,\"name\":\"LiveU\",\"item\":\"https:\\\/\\\/www.liveu.tv\\\/fr\"},{\"@type\":\"ListItem\",\"position\":2,\"name\":\"Produits\",\"item\":\"https:\\\/\\\/www.liveu.tv\\\/fr\\\/products\"},{\"@type\":\"ListItem\",\"position\":3,\"name\":\"Produire\",\"item\":\"https:\\\/\\\/www.liveu.tv\\\/fr\\\/products\\\/produce\"},{\"@type\":\"ListItem\",\"position\":4,\"name\":\"Tally Light\"}]},{\"@type\":\"WebSite\",\"@id\":\"https:\\\/\\\/www.liveu.tv\\\/fr#website\",\"url\":\"https:\\\/\\\/www.liveu.tv\\\/fr\",\"name\":\"LiveU\",\"description\":\"LiveU&#039;s Corporate Website\",\"publisher\":{\"@id\":\"https:\\\/\\\/www.liveu.tv\\\/fr#organization\"},\"potentialAction\":[{\"@type\":\"SearchAction\",\"target\":{\"@type\":\"EntryPoint\",\"urlTemplate\":\"https:\\\/\\\/www.liveu.tv\\\/fr?s={search_term_string}\"},\"query-input\":{\"@type\":\"PropertyValueSpecification\",\"valueRequired\":true,\"valueName\":\"search_term_string\"}}],\"inLanguage\":\"fr-FR\"},{\"@type\":\"Organization\",\"@id\":\"https:\\\/\\\/www.liveu.tv\\\/fr#organization\",\"name\":\"LIVEU\",\"url\":\"https:\\\/\\\/www.liveu.tv\\\/fr\",\"logo\":{\"@type\":\"ImageObject\",\"inLanguage\":\"fr-FR\",\"@id\":\"https:\\\/\\\/www.liveu.tv\\\/fr#\\\/schema\\\/logo\\\/image\\\/\",\"url\":\"https:\\\/\\\/www.liveu.tv\\\/wp-content\\\/uploads\\\/2021\\\/06\\\/LiveU_Logo_On_Whtite.png\",\"contentUrl\":\"https:\\\/\\\/www.liveu.tv\\\/wp-content\\\/uploads\\\/2021\\\/06\\\/LiveU_Logo_On_Whtite.png\",\"width\":924,\"height\":313,\"caption\":\"LIVEU\"},\"image\":{\"@id\":\"https:\\\/\\\/www.liveu.tv\\\/fr#\\\/schema\\\/logo\\\/image\\\/\"},\"sameAs\":[\"https:\\\/\\\/www.facebook.com\\\/LiveU.Fans\",\"https:\\\/\\\/x.com\\\/LiveU\",\"https:\\\/\\\/www.instagram.com\\\/liveutv\\\/\",\"https:\\\/\\\/www.linkedin.com\\\/company\\\/liveu\",\"https:\\\/\\\/www.youtube.com\\\/user\\\/liveUtv\"]}]}<\/script>\n<!-- \/ Yoast SEO Premium plugin. -->","yoast_head_json":{"title":"Tally Light - LiveU","description":"Des broadcasts en directs d\u2019allure professionnelle et fluides, o\u00f9 que vous soyez.","robots":{"index":"index","follow":"follow","max-snippet":"max-snippet:-1","max-image-preview":"max-image-preview:large","max-video-preview":"max-video-preview:-1"},"canonical":"https:\/\/www.liveu.tv\/fr\/products\/produce\/tally-light","og_locale":"fr_FR","og_type":"article","og_title":"Tally Light","og_description":"V\u00e9rifiez que vous \u00eates en direct d'un seul coup d'\u0153il","og_url":"https:\/\/www.liveu.tv\/fr\/products\/produce\/tally-light","og_site_name":"LiveU","article_publisher":"https:\/\/www.facebook.com\/LiveU.Fans","article_modified_time":"2024-01-07T15:38:16+00:00","og_image":[{"width":1200,"height":630,"url":"https:\/\/www.liveu.tv\/wp-content\/uploads\/2023\/12\/Tally-Light.png","type":"image\/png"}],"twitter_card":"summary_large_image","twitter_title":"Tally Light","twitter_description":"V\u00e9rifiez que vous \u00eates en direct d'un seul coup d'\u0153il","twitter_image":"https:\/\/www.liveu.tv\/wp-content\/uploads\/2021\/06\/Tally-Light-2.png","twitter_site":"@LiveU","schema":{"@context":"https:\/\/schema.org","@graph":[{"@type":"WebPage","@id":"https:\/\/www.liveu.tv\/fr\/products\/produce\/tally-light","url":"https:\/\/www.liveu.tv\/fr\/products\/produce\/tally-light","name":"Tally Light - LiveU","isPartOf":{"@id":"https:\/\/www.liveu.tv\/fr#website"},"datePublished":"2021-06-08T16:38:20+00:00","dateModified":"2024-01-07T15:38:16+00:00","description":"Des broadcasts en directs d\u2019allure professionnelle et fluides, o\u00f9 que vous soyez.","breadcrumb":{"@id":"https:\/\/www.liveu.tv\/fr\/products\/produce\/tally-light#breadcrumb"},"inLanguage":"fr-FR","potentialAction":[{"@type":"ReadAction","target":["https:\/\/www.liveu.tv\/fr\/products\/produce\/tally-light"]}]},{"@type":"BreadcrumbList","@id":"https:\/\/www.liveu.tv\/fr\/products\/produce\/tally-light#breadcrumb","itemListElement":[{"@type":"ListItem","position":1,"name":"LiveU","item":"https:\/\/www.liveu.tv\/fr"},{"@type":"ListItem","position":2,"name":"Produits","item":"https:\/\/www.liveu.tv\/fr\/products"},{"@type":"ListItem","position":3,"name":"Produire","item":"https:\/\/www.liveu.tv\/fr\/products\/produce"},{"@type":"ListItem","position":4,"name":"Tally Light"}]},{"@type":"WebSite","@id":"https:\/\/www.liveu.tv\/fr#website","url":"https:\/\/www.liveu.tv\/fr","name":"LiveU","description":"LiveU&#039;s Corporate Website","publisher":{"@id":"https:\/\/www.liveu.tv\/fr#organization"},"potentialAction":[{"@type":"SearchAction","target":{"@type":"EntryPoint","urlTemplate":"https:\/\/www.liveu.tv\/fr?s={search_term_string}"},"query-input":{"@type":"PropertyValueSpecification","valueRequired":true,"valueName":"search_term_string"}}],"inLanguage":"fr-FR"},{"@type":"Organization","@id":"https:\/\/www.liveu.tv\/fr#organization","name":"LIVEU","url":"https:\/\/www.liveu.tv\/fr","logo":{"@type":"ImageObject","inLanguage":"fr-FR","@id":"https:\/\/www.liveu.tv\/fr#\/schema\/logo\/image\/","url":"https:\/\/www.liveu.tv\/wp-content\/uploads\/2021\/06\/LiveU_Logo_On_Whtite.png","contentUrl":"https:\/\/www.liveu.tv\/wp-content\/uploads\/2021\/06\/LiveU_Logo_On_Whtite.png","width":924,"height":313,"caption":"LIVEU"},"image":{"@id":"https:\/\/www.liveu.tv\/fr#\/schema\/logo\/image\/"},"sameAs":["https:\/\/www.facebook.com\/LiveU.Fans","https:\/\/x.com\/LiveU","https:\/\/www.instagram.com\/liveutv\/","https:\/\/www.linkedin.com\/company\/liveu","https:\/\/www.youtube.com\/user\/liveUtv"]}]}},"_links":{"self":[{"href":"https:\/\/www.liveu.tv\/fr\/wp-json\/wp\/v2\/product\/44975","targetHints":{"allow":["GET"]}}],"collection":[{"href":"https:\/\/www.liveu.tv\/fr\/wp-json\/wp\/v2\/product"}],"about":[{"href":"https:\/\/www.liveu.tv\/fr\/wp-json\/wp\/v2\/types\/product"}],"version-history":[{"count":3,"href":"https:\/\/www.liveu.tv\/fr\/wp-json\/wp\/v2\/product\/44975\/revisions"}],"predecessor-version":[{"id":271998,"href":"https:\/\/www.liveu.tv\/fr\/wp-json\/wp\/v2\/product\/44975\/revisions\/271998"}],"wp:attachment":[{"href":"https:\/\/www.liveu.tv\/fr\/wp-json\/wp\/v2\/media?parent=44975"}],"wp:term":[{"taxonomy":"post_tag","embeddable":true,"href":"https:\/\/www.liveu.tv\/fr\/wp-json\/wp\/v2\/post_tag?post=44975"},{"taxonomy":"product_category","embeddable":true,"href":"https:\/\/www.liveu.tv\/fr\/wp-json\/wp\/v2\/product_category?post=44975"},{"taxonomy":"product_type","embeddable":true,"href":"https:\/\/www.liveu.tv\/fr\/wp-json\/wp\/v2\/product_type?post=44975"}],"curies":[{"name":"wp","href":"https:\/\/api.w.org\/{rel}","templated":true}]}}