{"id":47912,"date":"2021-06-25T15:29:48","date_gmt":"2021-06-25T15:29:48","guid":{"rendered":"https:\/\/liveu.onpressidium.com\/products\/uncategorized\/matrix"},"modified":"2024-08-07T18:36:09","modified_gmt":"2024-08-07T18:36:09","slug":"matrix","status":"publish","type":"product","link":"https:\/\/www.liveu.tv\/pt-br\/products\/share\/matrix","title":{"rendered":"LiveU Matrix"},"parent":0,"menu_order":0,"template":"","post_tag":[],"product_category":[937],"product_type":[954,838],"class_list":["post-47912","product","type-product","status-publish","hentry","product_category-share","product_type-distribuicao","product_type-distribution"],"acf":[],"yoast_head":"<!-- This site is optimized with the Yoast SEO Premium plugin v27.3 (Yoast SEO v27.3) - https:\/\/yoast.com\/product\/yoast-seo-premium-wordpress\/ -->\n<title>LiveU Matrix - Plataforma de distribui\u00e7\u00e3o de v\u00eddeo IP em nuvem<\/title>\n<meta name=\"description\" content=\"Reduza seus custos de distribui\u00e7\u00e3o. Compartilhe e receba feeds ao vivo de alta qualidade com emissoras e outras partes interessadas ao redor do mundo.\" \/>\n<meta name=\"robots\" content=\"index, follow, max-snippet:-1, max-image-preview:large, max-video-preview:-1\" \/>\n<link rel=\"canonical\" href=\"https:\/\/www.liveu.tv\/pt-br\/products\/share\/matrix\" \/>\n<meta property=\"og:locale\" content=\"pt_BR\" \/>\n<meta property=\"og:type\" content=\"article\" \/>\n<meta property=\"og:title\" content=\"LiveU Matrix\" \/>\n<meta property=\"og:description\" content=\"Reduza seus custos de distribui\u00e7\u00e3o. Compartilhe e receba feeds ao vivo de alta qualidade com emissoras e outras partes interessadas ao redor do mundo.\" \/>\n<meta property=\"og:url\" content=\"https:\/\/www.liveu.tv\/pt-br\/products\/share\/matrix\" \/>\n<meta property=\"og:site_name\" content=\"LiveU\" \/>\n<meta property=\"article:publisher\" content=\"https:\/\/www.facebook.com\/LiveU.Fans\" \/>\n<meta property=\"article:modified_time\" content=\"2024-08-07T18:36:09+00:00\" \/>\n<meta property=\"og:image\" content=\"https:\/\/www.liveu.tv\/wp-content\/uploads\/2025\/02\/LiveU_Preview.png\" \/>\n\t<meta property=\"og:image:width\" content=\"1200\" \/>\n\t<meta property=\"og:image:height\" content=\"630\" \/>\n\t<meta property=\"og:image:type\" content=\"image\/png\" \/>\n<meta name=\"twitter:card\" content=\"summary_large_image\" \/>\n<meta name=\"twitter:site\" content=\"@LiveU\" \/>\n<script type=\"application\/ld+json\" class=\"yoast-schema-graph\">{\"@context\":\"https:\\\/\\\/schema.org\",\"@graph\":[{\"@type\":\"WebPage\",\"@id\":\"https:\\\/\\\/www.liveu.tv\\\/pt-br\\\/products\\\/share\\\/matrix\",\"url\":\"https:\\\/\\\/www.liveu.tv\\\/pt-br\\\/products\\\/share\\\/matrix\",\"name\":\"LiveU Matrix - Plataforma de distribui\u00e7\u00e3o de v\u00eddeo IP em nuvem\",\"isPartOf\":{\"@id\":\"https:\\\/\\\/www.liveu.tv\\\/pt-br#website\"},\"datePublished\":\"2021-06-25T15:29:48+00:00\",\"dateModified\":\"2024-08-07T18:36:09+00:00\",\"description\":\"Reduza seus custos de distribui\u00e7\u00e3o. Compartilhe e receba feeds ao vivo de alta qualidade com emissoras e outras partes interessadas ao redor do mundo.\",\"breadcrumb\":{\"@id\":\"https:\\\/\\\/www.liveu.tv\\\/pt-br\\\/products\\\/share\\\/matrix#breadcrumb\"},\"inLanguage\":\"pt-BR\",\"potentialAction\":[{\"@type\":\"ReadAction\",\"target\":[\"https:\\\/\\\/www.liveu.tv\\\/pt-br\\\/products\\\/share\\\/matrix\"]}]},{\"@type\":\"BreadcrumbList\",\"@id\":\"https:\\\/\\\/www.liveu.tv\\\/pt-br\\\/products\\\/share\\\/matrix#breadcrumb\",\"itemListElement\":[{\"@type\":\"ListItem\",\"position\":1,\"name\":\"LiveU\",\"item\":\"https:\\\/\\\/www.liveu.tv\\\/pt-br\"},{\"@type\":\"ListItem\",\"position\":2,\"name\":\"Produtos\",\"item\":\"https:\\\/\\\/www.liveu.tv\\\/pt-br\\\/products\"},{\"@type\":\"ListItem\",\"position\":3,\"name\":\"Compartilhar\",\"item\":\"https:\\\/\\\/www.liveu.tv\\\/pt-br\\\/products\\\/share\"},{\"@type\":\"ListItem\",\"position\":4,\"name\":\"LiveU Matrix\"}]},{\"@type\":\"WebSite\",\"@id\":\"https:\\\/\\\/www.liveu.tv\\\/pt-br#website\",\"url\":\"https:\\\/\\\/www.liveu.tv\\\/pt-br\",\"name\":\"LiveU\",\"description\":\"LiveU&#039;s Corporate Website\",\"publisher\":{\"@id\":\"https:\\\/\\\/www.liveu.tv\\\/pt-br#organization\"},\"potentialAction\":[{\"@type\":\"SearchAction\",\"target\":{\"@type\":\"EntryPoint\",\"urlTemplate\":\"https:\\\/\\\/www.liveu.tv\\\/pt-br?s={search_term_string}\"},\"query-input\":{\"@type\":\"PropertyValueSpecification\",\"valueRequired\":true,\"valueName\":\"search_term_string\"}}],\"inLanguage\":\"pt-BR\"},{\"@type\":\"Organization\",\"@id\":\"https:\\\/\\\/www.liveu.tv\\\/pt-br#organization\",\"name\":\"LIVEU\",\"url\":\"https:\\\/\\\/www.liveu.tv\\\/pt-br\",\"logo\":{\"@type\":\"ImageObject\",\"inLanguage\":\"pt-BR\",\"@id\":\"https:\\\/\\\/www.liveu.tv\\\/pt-br#\\\/schema\\\/logo\\\/image\\\/\",\"url\":\"https:\\\/\\\/www.liveu.tv\\\/wp-content\\\/uploads\\\/2021\\\/06\\\/LiveU_Logo_On_Whtite.png\",\"contentUrl\":\"https:\\\/\\\/www.liveu.tv\\\/wp-content\\\/uploads\\\/2021\\\/06\\\/LiveU_Logo_On_Whtite.png\",\"width\":924,\"height\":313,\"caption\":\"LIVEU\"},\"image\":{\"@id\":\"https:\\\/\\\/www.liveu.tv\\\/pt-br#\\\/schema\\\/logo\\\/image\\\/\"},\"sameAs\":[\"https:\\\/\\\/www.facebook.com\\\/LiveU.Fans\",\"https:\\\/\\\/x.com\\\/LiveU\",\"https:\\\/\\\/www.instagram.com\\\/liveutv\\\/\",\"https:\\\/\\\/www.linkedin.com\\\/company\\\/liveu\",\"https:\\\/\\\/www.youtube.com\\\/user\\\/liveUtv\"]}]}<\/script>\n<!-- \/ Yoast SEO Premium plugin. -->","yoast_head_json":{"title":"LiveU Matrix - Plataforma de distribui\u00e7\u00e3o de v\u00eddeo IP em nuvem","description":"Reduza seus custos de distribui\u00e7\u00e3o. Compartilhe e receba feeds ao vivo de alta qualidade com emissoras e outras partes interessadas ao redor do mundo.","robots":{"index":"index","follow":"follow","max-snippet":"max-snippet:-1","max-image-preview":"max-image-preview:large","max-video-preview":"max-video-preview:-1"},"canonical":"https:\/\/www.liveu.tv\/pt-br\/products\/share\/matrix","og_locale":"pt_BR","og_type":"article","og_title":"LiveU Matrix","og_description":"Reduza seus custos de distribui\u00e7\u00e3o. Compartilhe e receba feeds ao vivo de alta qualidade com emissoras e outras partes interessadas ao redor do mundo.","og_url":"https:\/\/www.liveu.tv\/pt-br\/products\/share\/matrix","og_site_name":"LiveU","article_publisher":"https:\/\/www.facebook.com\/LiveU.Fans","article_modified_time":"2024-08-07T18:36:09+00:00","og_image":[{"width":1200,"height":630,"url":"https:\/\/www.liveu.tv\/wp-content\/uploads\/2025\/02\/LiveU_Preview.png","type":"image\/png"}],"twitter_card":"summary_large_image","twitter_site":"@LiveU","schema":{"@context":"https:\/\/schema.org","@graph":[{"@type":"WebPage","@id":"https:\/\/www.liveu.tv\/pt-br\/products\/share\/matrix","url":"https:\/\/www.liveu.tv\/pt-br\/products\/share\/matrix","name":"LiveU Matrix - Plataforma de distribui\u00e7\u00e3o de v\u00eddeo IP em nuvem","isPartOf":{"@id":"https:\/\/www.liveu.tv\/pt-br#website"},"datePublished":"2021-06-25T15:29:48+00:00","dateModified":"2024-08-07T18:36:09+00:00","description":"Reduza seus custos de distribui\u00e7\u00e3o. Compartilhe e receba feeds ao vivo de alta qualidade com emissoras e outras partes interessadas ao redor do mundo.","breadcrumb":{"@id":"https:\/\/www.liveu.tv\/pt-br\/products\/share\/matrix#breadcrumb"},"inLanguage":"pt-BR","potentialAction":[{"@type":"ReadAction","target":["https:\/\/www.liveu.tv\/pt-br\/products\/share\/matrix"]}]},{"@type":"BreadcrumbList","@id":"https:\/\/www.liveu.tv\/pt-br\/products\/share\/matrix#breadcrumb","itemListElement":[{"@type":"ListItem","position":1,"name":"LiveU","item":"https:\/\/www.liveu.tv\/pt-br"},{"@type":"ListItem","position":2,"name":"Produtos","item":"https:\/\/www.liveu.tv\/pt-br\/products"},{"@type":"ListItem","position":3,"name":"Compartilhar","item":"https:\/\/www.liveu.tv\/pt-br\/products\/share"},{"@type":"ListItem","position":4,"name":"LiveU Matrix"}]},{"@type":"WebSite","@id":"https:\/\/www.liveu.tv\/pt-br#website","url":"https:\/\/www.liveu.tv\/pt-br","name":"LiveU","description":"LiveU&#039;s Corporate Website","publisher":{"@id":"https:\/\/www.liveu.tv\/pt-br#organization"},"potentialAction":[{"@type":"SearchAction","target":{"@type":"EntryPoint","urlTemplate":"https:\/\/www.liveu.tv\/pt-br?s={search_term_string}"},"query-input":{"@type":"PropertyValueSpecification","valueRequired":true,"valueName":"search_term_string"}}],"inLanguage":"pt-BR"},{"@type":"Organization","@id":"https:\/\/www.liveu.tv\/pt-br#organization","name":"LIVEU","url":"https:\/\/www.liveu.tv\/pt-br","logo":{"@type":"ImageObject","inLanguage":"pt-BR","@id":"https:\/\/www.liveu.tv\/pt-br#\/schema\/logo\/image\/","url":"https:\/\/www.liveu.tv\/wp-content\/uploads\/2021\/06\/LiveU_Logo_On_Whtite.png","contentUrl":"https:\/\/www.liveu.tv\/wp-content\/uploads\/2021\/06\/LiveU_Logo_On_Whtite.png","width":924,"height":313,"caption":"LIVEU"},"image":{"@id":"https:\/\/www.liveu.tv\/pt-br#\/schema\/logo\/image\/"},"sameAs":["https:\/\/www.facebook.com\/LiveU.Fans","https:\/\/x.com\/LiveU","https:\/\/www.instagram.com\/liveutv\/","https:\/\/www.linkedin.com\/company\/liveu","https:\/\/www.youtube.com\/user\/liveUtv"]}]}},"_links":{"self":[{"href":"https:\/\/www.liveu.tv\/pt-br\/wp-json\/wp\/v2\/product\/47912","targetHints":{"allow":["GET"]}}],"collection":[{"href":"https:\/\/www.liveu.tv\/pt-br\/wp-json\/wp\/v2\/product"}],"about":[{"href":"https:\/\/www.liveu.tv\/pt-br\/wp-json\/wp\/v2\/types\/product"}],"version-history":[{"count":5,"href":"https:\/\/www.liveu.tv\/pt-br\/wp-json\/wp\/v2\/product\/47912\/revisions"}],"predecessor-version":[{"id":340534,"href":"https:\/\/www.liveu.tv\/pt-br\/wp-json\/wp\/v2\/product\/47912\/revisions\/340534"}],"wp:attachment":[{"href":"https:\/\/www.liveu.tv\/pt-br\/wp-json\/wp\/v2\/media?parent=47912"}],"wp:term":[{"taxonomy":"post_tag","embeddable":true,"href":"https:\/\/www.liveu.tv\/pt-br\/wp-json\/wp\/v2\/post_tag?post=47912"},{"taxonomy":"product_category","embeddable":true,"href":"https:\/\/www.liveu.tv\/pt-br\/wp-json\/wp\/v2\/product_category?post=47912"},{"taxonomy":"product_type","embeddable":true,"href":"https:\/\/www.liveu.tv\/pt-br\/wp-json\/wp\/v2\/product_type?post=47912"}],"curies":[{"name":"wp","href":"https:\/\/api.w.org\/{rel}","templated":true}]}}